{"id":482,"date":"2024-02-27T14:15:13","date_gmt":"2024-02-27T13:15:13","guid":{"rendered":"http:\/\/www.schouwsekust.eu\/?page_id=482"},"modified":"2024-02-29T21:01:51","modified_gmt":"2024-02-29T20:01:51","slug":"zierikzee","status":"publish","type":"page","link":"http:\/\/www.schouwsekust.eu\/de\/bezoek\/dorpen-steden\/zierikzee\/","title":{"rendered":"Zierikzee"},"content":{"rendered":"\n<p><br>Nat\u00fcrlich! Hier ist die deutsche Version:<\/p>\n\n\n\n<p>Bist du bereit f\u00fcr einen verzaubernden Ausflug ins atemberaubende Zierikzee? Dieses malerische St\u00e4dtchen steht bereit, dich mit seiner reichen Geschichte und seinem einzigartigen Charme zu verzaubern.<\/p>\n\n\n\n<p>Tauche ein in die Jahrhunderte alte Atmosph\u00e4re, w\u00e4hrend du durch die verwinkelten Gassen der Stadt schlenderst. Hier findest du mehr als 500 Denkm\u00e4ler, die von einer Vergangenheit voller Pracht und Herrlichkeit zeugen. Bewundere den imposanten St. Lievens Monstertoren, besser bekannt als der Dicke Turm, der hoch \u00fcber der Stadt aufragt und einen atemberaubenden Blick \u00fcber die Umgebung bietet.<\/p>\n\n\n\n<p>Besuche unbedingt auch das Burgerweeshuis, ein historisches Geb\u00e4ude, in dem dich der Regentenkamer mit seiner wundersch\u00f6nen Goldleder-Tapete und beeindruckenden Architektur verbl\u00fcffen wird.<\/p>\n\n\n\n<p>Entdecke das Zuidhavenpoort, ein ikonisches Stadttor mit dem \u00e4ltesten Glockenspiel der Niederlande. Lass dich von den melodischen Kl\u00e4ngen verzaubern, die durch die Stra\u00dfen von Zierikzee hallen, w\u00e4hrend du die lebendige Atmosph\u00e4re der Stadt genie\u00dft.<\/p>\n\n\n\n<p>Und vergiss nicht, einen Blick ins Gravensteen zu werfen, ein ehemaliges Schloss, das dich auf eine faszinierende Reise durch die Geschichte der Stadt und ihrer Gefangenen mitnimmt.<\/p>\n\n\n\n<p>Aber es gibt noch so viel mehr in Zierikzee zu entdecken! Erkunde die gem\u00fctlichen Einkaufsstra\u00dfen voller einzigartiger Boutiquen und lokaler Handwerksl\u00e4den. Genie\u00dfe eine k\u00f6stliche Mahlzeit in einem der vielen stimmungsvollen Restaurants entlang des malerischen Hafens, wo du frischen Fisch und andere lokale Spezialit\u00e4ten genie\u00dfen kannst.<\/p>\n\n\n\n<p>Kurz gesagt, Zierikzee ist ein Ziel, das du nicht verpassen solltest. Komm vorbei und lass dich von der Magie dieser wundersch\u00f6nen Stadt \u00fcberraschen. Ein unvergessliches Abenteuer wartet auf dich!<\/p>\n","protected":false},"excerpt":{"rendered":"<p>Nat\u00fcrlich! Hier ist die deutsche Version: Bist du bereit f\u00fcr einen verzaubernden Ausflug ins atemberaubende Zierikzee? Dieses malerische St\u00e4dtchen steht bereit, dich mit seiner reichen Geschichte und seinem einzigartigen Charme zu verzaubern. Tauche ein in die Jahrhunderte alte Atmosph\u00e4re, w\u00e4hrend du durch die verwinkelten Gassen der Stadt schlenderst. Hier findest du mehr als 500 Denkm\u00e4ler, die von einer Vergangenheit voller Pracht und Herrlichkeit zeugen. Bewundere den imposanten St. Lievens Monstertoren, besser bekannt als der Dicke Turm, der hoch \u00fcber der Stadt aufragt und einen atemberaubenden Blick \u00fcber die Umgebung bietet. Besuche unbedingt auch das Burgerweeshuis, ein historisches Geb\u00e4ude, in dem dich der Regentenkamer mit seiner wundersch\u00f6nen Goldleder-Tapete und beeindruckenden Architektur&hellip; <a class=\"read-more\" href=\"http:\/\/www.schouwsekust.eu\/de\/bezoek\/dorpen-steden\/zierikzee\/\">Mehr Lesen<\/a><\/p>\n","protected":false},"author":1,"featured_media":0,"parent":365,"menu_order":0,"comment_status":"closed","ping_status":"closed","template":"","meta":{"footnotes":""},"translation":{"provider":"WPGlobus","version":"2.12.2","language":"de","enabled_languages":["nl","gb","de"],"languages":{"nl":{"title":true,"content":true,"excerpt":false},"gb":{"title":true,"content":true,"excerpt":false},"de":{"title":true,"content":true,"excerpt":false}}},"_links":{"self":[{"href":"http:\/\/www.schouwsekust.eu\/de\/wp-json\/wp\/v2\/pages\/482"}],"collection":[{"href":"http:\/\/www.schouwsekust.eu\/de\/wp-json\/wp\/v2\/pages"}],"about":[{"href":"http:\/\/www.schouwsekust.eu\/de\/wp-json\/wp\/v2\/types\/page"}],"author":[{"embeddable":true,"href":"http:\/\/www.schouwsekust.eu\/de\/wp-json\/wp\/v2\/users\/1"}],"replies":[{"embeddable":true,"href":"http:\/\/www.schouwsekust.eu\/de\/wp-json\/wp\/v2\/comments?post=482"}],"version-history":[{"count":3,"href":"http:\/\/www.schouwsekust.eu\/de\/wp-json\/wp\/v2\/pages\/482\/revisions"}],"predecessor-version":[{"id":489,"href":"http:\/\/www.schouwsekust.eu\/de\/wp-json\/wp\/v2\/pages\/482\/revisions\/489"}],"up":[{"embeddable":true,"href":"http:\/\/www.schouwsekust.eu\/de\/wp-json\/wp\/v2\/pages\/365"}],"wp:attachment":[{"href":"http:\/\/www.schouwsekust.eu\/de\/wp-json\/wp\/v2\/media?parent=482"}],"curies":[{"name":"wp","href":"https:\/\/api.w.org\/{rel}","templated":true}]}}