{"id":530,"date":"2024-02-29T21:12:38","date_gmt":"2024-02-29T20:12:38","guid":{"rendered":"http:\/\/www.schouwsekust.eu\/?page_id=530"},"modified":"2024-02-29T21:15:17","modified_gmt":"2024-02-29T20:15:17","slug":"kerkwerve","status":"publish","type":"page","link":"http:\/\/www.schouwsekust.eu\/de\/bezoek\/dorpen-steden\/kerkwerve\/","title":{"rendered":"Kerkwerve"},"content":{"rendered":"\n<p>Kerkwerve ist eines dieser typisch holl\u00e4ndischen D\u00f6rfer, das aussieht, als k\u00e4me es direkt aus einer Postkarte. Du wei\u00dft schon, mit der niedlichen Kirche in der Mitte und den alten H\u00e4usern drumherum. Und alles dreht sich um diese Kirche! Buchst\u00e4blich, denn das ganze Dorf erstreckt sich wie ein Kreis um diesen zentralen Ort. Und diese Kirche selbst? Sie steht hoch auf einem H\u00fcgel, weshalb das Dorf seinen Namen bekam: Kerkwerve.<\/p>\n\n\n\n<p>Wenn du erleben m\u00f6chtest, wie es fr\u00fcher war, solltest du unbedingt w\u00e4hrend des Tags des offenen Denkmals vorbeikommen. Dort zeigen sie dir, wie sie fr\u00fcher Pferde in der &#8220;travalje&#8221;, einem historischen Hufschmiedestall, beschlagen haben. Und wei\u00dft du, was lustig ist? Wenn es regnete, sind sie einfach in die Scheune nebenan umgezogen. Du kannst dir also vorstellen, dass es damals rund um diesen Ort ziemlich lebhaft war!<\/p>\n\n\n\n<p>Und wenn du genau hinschaust, siehst du eine kleine Statue einer Frau auf einem Motorrad. Das ist Schwester Zijp-van Bijlo, eine lokale Heldin, die als Bezirksschwester auf ihrem JaWa-Motorrad durch das Dorf raste. Das muss ein spektakul\u00e4rer Anblick gewesen sein! Sie war im Dorf ber\u00fchmt, und das zu Recht!<\/p>\n\n\n\n<p>Aber au\u00dferhalb des Dorfes gibt es auch jede Menge zu sehen und zu tun. Nimm zum Beispiel die Weiler von Moriaanshoofd. Dort steht eine wundersch\u00f6ne alte Windm\u00fchle namens &#8216;de Zwaan&#8217;. Wirklich ein Bild, das du sehen musst. Und wusstest du, dass es auch einen &#8220;vliedberg&#8221; gibt? Das ist einer dieser H\u00fcgel, die fr\u00fcher als Grundlage f\u00fcr eine Burg genutzt wurden. Wie cool ist das denn?<\/p>\n\n\n\n<p>Und wenn du noch nicht genug von alten Dingen hast, solltest du unbedingt den Erholungsbauernhof von Langeraad besuchen. Dort gibt es eine Miniatur-Dampfeisenbahnstrecke! Ja, du liest richtig, eine verkleinerte Eisenbahnstrecke. Und sie organisieren auch besondere Veranstaltungen, bei denen du selbst eine Fahrt machen kannst. Wie genial ist das denn?<\/p>\n\n\n\n<p>Und nat\u00fcrlich solltest du das Naturschutzgebiet Prunjepolder nicht verpassen. Es ist so ein magischer Ort voller B\u00e4che und S\u00fcmpfe, direkt an der Oosterschelde. Nimm dein Fernglas mit, denn du wirst dort die sch\u00f6nsten V\u00f6gel sehen, wie L\u00f6ffler, die mit ihren gro\u00dfen Schn\u00e4beln im Wasser fischen. Und von den Deichen aus hast du die beste Aussicht. Besonders im September, wenn das Quellergebiet eine wundersch\u00f6ne Farbe bekommt.<\/p>\n\n\n\n<p>Also, worauf wartest du noch? Schnapp dir dein Fahrrad oder Auto und komm f\u00fcr einen Tag nach Kerkwerve! Es gibt viel zu sehen und zu erleben f\u00fcr Jung und Alt. Und wer wei\u00df, vielleicht triffst du sogar ein paar Schafe, die fr\u00f6hlich auf dem Deich herumlaufen. Es wird garantiert ein unvergesslicher Tag!<\/p>\n","protected":false},"excerpt":{"rendered":"<p>Kerkwerve ist eines dieser typisch holl\u00e4ndischen D\u00f6rfer, das aussieht, als k\u00e4me es direkt aus einer Postkarte. Du wei\u00dft schon, mit der niedlichen Kirche in der Mitte und den alten H\u00e4usern drumherum. Und alles dreht sich um diese Kirche! Buchst\u00e4blich, denn das ganze Dorf erstreckt sich wie ein Kreis um diesen zentralen Ort. Und diese Kirche selbst? Sie steht hoch auf einem H\u00fcgel, weshalb das Dorf seinen Namen bekam: Kerkwerve. Wenn du erleben m\u00f6chtest, wie es fr\u00fcher war, solltest du unbedingt w\u00e4hrend des Tags des offenen Denkmals vorbeikommen. Dort zeigen sie dir, wie sie fr\u00fcher Pferde in der &#8220;travalje&#8221;, einem historischen Hufschmiedestall, beschlagen haben. Und wei\u00dft du, was lustig ist? Wenn&hellip; <a class=\"read-more\" href=\"http:\/\/www.schouwsekust.eu\/de\/bezoek\/dorpen-steden\/kerkwerve\/\">Mehr Lesen<\/a><\/p>\n","protected":false},"author":1,"featured_media":0,"parent":365,"menu_order":0,"comment_status":"closed","ping_status":"closed","template":"","meta":{"footnotes":""},"translation":{"provider":"WPGlobus","version":"2.12.2","language":"de","enabled_languages":["nl","gb","de"],"languages":{"nl":{"title":true,"content":true,"excerpt":false},"gb":{"title":true,"content":true,"excerpt":false},"de":{"title":true,"content":true,"excerpt":false}}},"_links":{"self":[{"href":"http:\/\/www.schouwsekust.eu\/de\/wp-json\/wp\/v2\/pages\/530"}],"collection":[{"href":"http:\/\/www.schouwsekust.eu\/de\/wp-json\/wp\/v2\/pages"}],"about":[{"href":"http:\/\/www.schouwsekust.eu\/de\/wp-json\/wp\/v2\/types\/page"}],"author":[{"embeddable":true,"href":"http:\/\/www.schouwsekust.eu\/de\/wp-json\/wp\/v2\/users\/1"}],"replies":[{"embeddable":true,"href":"http:\/\/www.schouwsekust.eu\/de\/wp-json\/wp\/v2\/comments?post=530"}],"version-history":[{"count":3,"href":"http:\/\/www.schouwsekust.eu\/de\/wp-json\/wp\/v2\/pages\/530\/revisions"}],"predecessor-version":[{"id":536,"href":"http:\/\/www.schouwsekust.eu\/de\/wp-json\/wp\/v2\/pages\/530\/revisions\/536"}],"up":[{"embeddable":true,"href":"http:\/\/www.schouwsekust.eu\/de\/wp-json\/wp\/v2\/pages\/365"}],"wp:attachment":[{"href":"http:\/\/www.schouwsekust.eu\/de\/wp-json\/wp\/v2\/media?parent=530"}],"curies":[{"name":"wp","href":"https:\/\/api.w.org\/{rel}","templated":true}]}}