{"id":539,"date":"2024-02-29T21:21:37","date_gmt":"2024-02-29T20:21:37","guid":{"rendered":"http:\/\/www.schouwsekust.eu\/?page_id=539"},"modified":"2024-02-29T21:23:03","modified_gmt":"2024-02-29T20:23:03","slug":"nieuwerkerk","status":"publish","type":"page","link":"http:\/\/www.schouwsekust.eu\/de\/bezoek\/dorpen-steden\/nieuwerkerk\/","title":{"rendered":"Nieuwerkerk"},"content":{"rendered":"\n<p>Nieuwerkerk, ein charmantes Dorf, atmet Geschichte und W\u00e4rme. Der Kern von allem? Ihre jahrhundertealte Kirche, die schon so viel durchgemacht hat, von Br\u00e4nden bis hin zu Bombardierungen w\u00e4hrend des Krieges. Aber sieh sie dir jetzt an, stolz stehend wie ein Symbol der Widerstandsf\u00e4higkeit.<\/p>\n\n\n\n<p>Die Flutkatastrophe von &#8217;53, Mann, das war ein harter Schlag f\u00fcr Nieuwerkerk. Fast 300 Menschen fanden in dieser Nacht ihr Ende. Es ist herzzerrei\u00dfend, aber es erinnert uns daran, wie stark diese Gemeinschaft ist.<\/p>\n\n\n\n<p>Aber jetzt, lasst uns \u00fcber die sch\u00f6nen Seiten dieses Dorfes sprechen. Nieuwerkerk bietet alles, was du brauchst &#8211; B\u00e4cker, Metzger, Superm\u00e4rkte und sogar einen gem\u00fctlichen Second-Hand-Laden f\u00fcr Vintage-Funde. Du musst wirklich nicht weit gehen f\u00fcr deine Eink\u00e4ufe.<\/p>\n\n\n\n<p>Und diese alte Fabrik entlang der N59? Wirklich ein St\u00fcck Geschichte. Zuerst wurde roter Farbstoff aus Krapp gewonnen, sp\u00e4ter wurde es eine Zichorienfabrik. Ziemlich cool, oder? Das Geb\u00e4ude ist immer noch von der Stra\u00dfe aus sichtbar, als ob es uns daran erinnert, woher wir kommen.<\/p>\n\n\n\n<p>Aber wenn du die Natur mehr magst, solltest du den Steenzwaan-Kanal besuchen. Eine Oase der Ruhe, fr\u00fcher ein Flussbett, jetzt ein wundersch\u00f6nes Naturschutzgebiet. Mit einem Fernglas kannst du die sch\u00f6nsten V\u00f6gel entdecken, von S\u00e4belschn\u00e4blern bis hin zu L\u00f6fflern. Im Fr\u00fchling kannst du sogar die Grasm\u00fccke h\u00f6ren, zur\u00fcck von ihrer langen Reise.<\/p>\n","protected":false},"excerpt":{"rendered":"<p>Nieuwerkerk, ein charmantes Dorf, atmet Geschichte und W\u00e4rme. Der Kern von allem? Ihre jahrhundertealte Kirche, die schon so viel durchgemacht hat, von Br\u00e4nden bis hin zu Bombardierungen w\u00e4hrend des Krieges. Aber sieh sie dir jetzt an, stolz stehend wie ein Symbol der Widerstandsf\u00e4higkeit. Die Flutkatastrophe von &#8217;53, Mann, das war ein harter Schlag f\u00fcr Nieuwerkerk. Fast 300 Menschen fanden in dieser Nacht ihr Ende. Es ist herzzerrei\u00dfend, aber es erinnert uns daran, wie stark diese Gemeinschaft ist. Aber jetzt, lasst uns \u00fcber die sch\u00f6nen Seiten dieses Dorfes sprechen. Nieuwerkerk bietet alles, was du brauchst &#8211; B\u00e4cker, Metzger, Superm\u00e4rkte und sogar einen gem\u00fctlichen Second-Hand-Laden f\u00fcr Vintage-Funde. Du musst wirklich nicht weit&hellip; <a class=\"read-more\" href=\"http:\/\/www.schouwsekust.eu\/de\/bezoek\/dorpen-steden\/nieuwerkerk\/\">Mehr Lesen<\/a><\/p>\n","protected":false},"author":1,"featured_media":0,"parent":365,"menu_order":0,"comment_status":"closed","ping_status":"closed","template":"","meta":{"footnotes":""},"translation":{"provider":"WPGlobus","version":"2.12.2","language":"de","enabled_languages":["nl","gb","de"],"languages":{"nl":{"title":true,"content":true,"excerpt":false},"gb":{"title":true,"content":true,"excerpt":false},"de":{"title":true,"content":true,"excerpt":false}}},"_links":{"self":[{"href":"http:\/\/www.schouwsekust.eu\/de\/wp-json\/wp\/v2\/pages\/539"}],"collection":[{"href":"http:\/\/www.schouwsekust.eu\/de\/wp-json\/wp\/v2\/pages"}],"about":[{"href":"http:\/\/www.schouwsekust.eu\/de\/wp-json\/wp\/v2\/types\/page"}],"author":[{"embeddable":true,"href":"http:\/\/www.schouwsekust.eu\/de\/wp-json\/wp\/v2\/users\/1"}],"replies":[{"embeddable":true,"href":"http:\/\/www.schouwsekust.eu\/de\/wp-json\/wp\/v2\/comments?post=539"}],"version-history":[{"count":3,"href":"http:\/\/www.schouwsekust.eu\/de\/wp-json\/wp\/v2\/pages\/539\/revisions"}],"predecessor-version":[{"id":543,"href":"http:\/\/www.schouwsekust.eu\/de\/wp-json\/wp\/v2\/pages\/539\/revisions\/543"}],"up":[{"embeddable":true,"href":"http:\/\/www.schouwsekust.eu\/de\/wp-json\/wp\/v2\/pages\/365"}],"wp:attachment":[{"href":"http:\/\/www.schouwsekust.eu\/de\/wp-json\/wp\/v2\/media?parent=539"}],"curies":[{"name":"wp","href":"https:\/\/api.w.org\/{rel}","templated":true}]}}