{"id":544,"date":"2024-02-29T21:29:57","date_gmt":"2024-02-29T20:29:57","guid":{"rendered":"http:\/\/www.schouwsekust.eu\/?page_id=544"},"modified":"2024-02-29T21:31:19","modified_gmt":"2024-02-29T20:31:19","slug":"noordgouwe","status":"publish","type":"page","link":"http:\/\/www.schouwsekust.eu\/de\/bezoek\/dorpen-steden\/noordgouwe\/","title":{"rendered":"Noordgouwe"},"content":{"rendered":"\n<p>Dieses Dorf ist vielleicht das bestgeh\u00fctete Geheimnis der Insel. Obwohl klein, hat Noordgouwe einen Reichtum an Geschichte und Charme, der darauf wartet, entdeckt zu werden.<\/p>\n\n\n\n<p>Noordgouwe, mit seinem charakteristischen Ringdorfscharakter, ist einer von siebzehn Orten in Zeeland, die als gesch\u00fctztes Dorf ausgewiesen sind. Ein Spaziergang durch das Dorfzentrum ist wie eine Reise in die Vergangenheit, mit gut erhaltenen Denkm\u00e4lern, die Geschichten vergangener Zeiten erz\u00e4hlen. Das Zentrum des Dorfes ist die wundersch\u00f6ne Driekoningenkirche aus dem f\u00fcnfzehnten Jahrhundert, umgeben von einem malerischen Graben. Vergessen Sie auch nicht, entlang der Heereweg zu schlendern und die charmanten wei\u00dfen H\u00e4uschen der Pottere-Hofjes zu bewundern, die im siebzehnten Jahrhundert f\u00fcr Witwen erbaut wurden.<\/p>\n\n\n\n<p>F\u00fcr Geschichts- und Naturliebhaber ist Noordgouwe ein wahres Paradies. Verlieren Sie sich in den gr\u00fcnen Oasen, bewundern Sie die architektonischen Juwelen und lassen Sie Ihrer Fantasie freien Lauf, w\u00e4hrend Sie sich vorstellen, wie das Leben hier fr\u00fcher war. Und vergessen Sie nicht, Ihre Wanderschuhe anzuziehen, denn das Wanderwegenetz &#8216;Entlang von Wasser und Land&#8217; bietet zahlreiche M\u00f6glichkeiten, die wundersch\u00f6ne Umgebung zu erkunden.<\/p>\n\n\n\n<p>Lassen Sie sich von den verborgenen Sch\u00e4tzen von Noordgouwe verzaubern und entdecken Sie den einzigartigen Charme dieses historischen Dorfes.<\/p>\n","protected":false},"excerpt":{"rendered":"<p>Dieses Dorf ist vielleicht das bestgeh\u00fctete Geheimnis der Insel. Obwohl klein, hat Noordgouwe einen Reichtum an Geschichte und Charme, der darauf wartet, entdeckt zu werden. Noordgouwe, mit seinem charakteristischen Ringdorfscharakter, ist einer von siebzehn Orten in Zeeland, die als gesch\u00fctztes Dorf ausgewiesen sind. Ein Spaziergang durch das Dorfzentrum ist wie eine Reise in die Vergangenheit, mit gut erhaltenen Denkm\u00e4lern, die Geschichten vergangener Zeiten erz\u00e4hlen. Das Zentrum des Dorfes ist die wundersch\u00f6ne Driekoningenkirche aus dem f\u00fcnfzehnten Jahrhundert, umgeben von einem malerischen Graben. Vergessen Sie auch nicht, entlang der Heereweg zu schlendern und die charmanten wei\u00dfen H\u00e4uschen der Pottere-Hofjes zu bewundern, die im siebzehnten Jahrhundert f\u00fcr Witwen erbaut wurden. F\u00fcr Geschichts- und&hellip; <a class=\"read-more\" href=\"http:\/\/www.schouwsekust.eu\/de\/bezoek\/dorpen-steden\/noordgouwe\/\">Mehr Lesen<\/a><\/p>\n","protected":false},"author":1,"featured_media":0,"parent":365,"menu_order":0,"comment_status":"closed","ping_status":"closed","template":"","meta":{"footnotes":""},"translation":{"provider":"WPGlobus","version":"2.12.2","language":"de","enabled_languages":["nl","gb","de"],"languages":{"nl":{"title":true,"content":true,"excerpt":false},"gb":{"title":true,"content":true,"excerpt":false},"de":{"title":true,"content":true,"excerpt":false}}},"_links":{"self":[{"href":"http:\/\/www.schouwsekust.eu\/de\/wp-json\/wp\/v2\/pages\/544"}],"collection":[{"href":"http:\/\/www.schouwsekust.eu\/de\/wp-json\/wp\/v2\/pages"}],"about":[{"href":"http:\/\/www.schouwsekust.eu\/de\/wp-json\/wp\/v2\/types\/page"}],"author":[{"embeddable":true,"href":"http:\/\/www.schouwsekust.eu\/de\/wp-json\/wp\/v2\/users\/1"}],"replies":[{"embeddable":true,"href":"http:\/\/www.schouwsekust.eu\/de\/wp-json\/wp\/v2\/comments?post=544"}],"version-history":[{"count":3,"href":"http:\/\/www.schouwsekust.eu\/de\/wp-json\/wp\/v2\/pages\/544\/revisions"}],"predecessor-version":[{"id":548,"href":"http:\/\/www.schouwsekust.eu\/de\/wp-json\/wp\/v2\/pages\/544\/revisions\/548"}],"up":[{"embeddable":true,"href":"http:\/\/www.schouwsekust.eu\/de\/wp-json\/wp\/v2\/pages\/365"}],"wp:attachment":[{"href":"http:\/\/www.schouwsekust.eu\/de\/wp-json\/wp\/v2\/media?parent=544"}],"curies":[{"name":"wp","href":"https:\/\/api.w.org\/{rel}","templated":true}]}}