{"id":550,"date":"2024-02-29T21:42:11","date_gmt":"2024-02-29T20:42:11","guid":{"rendered":"http:\/\/www.schouwsekust.eu\/?page_id=550"},"modified":"2024-02-29T21:44:51","modified_gmt":"2024-02-29T20:44:51","slug":"noordwelle","status":"publish","type":"page","link":"http:\/\/www.schouwsekust.eu\/de\/bezoek\/dorpen-steden\/noordwelle\/","title":{"rendered":"Noordwelle"},"content":{"rendered":"\n<p>Noordwelle, ein malerisches, charmantes Dorf mit einer reichen Geschichte und einer lebendigen Gemeinschaft! Lassen Sie mich Sie auf eine Entdeckungstour durch dieses versteckte Juwel an der K\u00fcste mitnehmen.<\/p>\n\n\n\n<p>Noordwelle verdankt seinen Namen einem alten Damm, der einen ehemaligen Bach abschloss und es n\u00f6rdlich dieses Damms (oder &#8220;welle&#8221;) liegen lie\u00df. Einst gab es auch ein Zuidwelle, aber das ist jetzt verschwunden. Heute ist Noordwelle eine enge Gemeinschaft, wenn auch mit einer bescheidenen Anzahl von Einwohnern, aber voller Aktivit\u00e4ten und j\u00e4hrlicher Veranstaltungen, die es wert sind, erlebt zu werden.<\/p>\n\n\n\n<p>Das Herzst\u00fcck von Noordwelle bildet die Corneliuskirche, ein wundersch\u00f6nes historisches Denkmal aus dem Jahr 1450. Obwohl es im Achtzigj\u00e4hrigen Krieg von staatlichen Truppen zerst\u00f6rt wurde, wurde es sp\u00e4ter wieder aufgebaut und steht nun stolz im Mittelpunkt unseres Dorfes. Um die Kirche herum finden Sie charmante Giebelh\u00e4user aus dem 17. Jahrhundert, die den historischen Charakter des Dorfes betonen.<\/p>\n\n\n\n<p>Ein weiteres bemerkenswertes Merkmal von Noordwelle ist das j\u00e4hrliche Stra\u00f4 Rie\u00ebn, ein buntes Ereignis, bei dem geschm\u00fcckte Pferde in einer fr\u00f6hlichen Prozession zum Strand reiten, um ihre Hufe im Meer zu waschen. Diese Tradition reicht Jahrhunderte zur\u00fcck und zieht jedes Jahr viele Teilnehmer und Zuschauer an, sowohl aus unserem Dorf als auch von au\u00dferhalb.<\/p>\n\n\n\n<p>Was Sehensw\u00fcrdigkeiten betrifft, hat Noordwelle viel zu bieten. Neben der Corneliuskirche gibt es 13 Nationaldenkm\u00e4ler zu bewundern, darunter das ehemalige Rathaus und eine authentische Schmiede, in der fr\u00fcher Pferde beschlagen wurden. Kunstliebhaber k\u00f6nnen auch die Stahlskulptur eines Kaltblutpferdes des K\u00fcnstlers Wieke Terpstra genie\u00dfen, die in diesem Dorf einen prominenten Platz gefunden hat.<\/p>\n\n\n\n<p>Und als ob das noch nicht genug w\u00e4re, hat Noordwelle auch seinen eigenen Power Horse Competition, eine spektakul\u00e4re Veranstaltung, bei der Kaltblutpferde ihre Kraft und Wendigkeit in verschiedenen Tests und Hindernissen unter Beweis stellen.<\/p>\n\n\n\n<p>Kurz gesagt, Noordwelle ist weit mehr als nur ein Zwischenstopp auf dem Weg anderswohin. Mit seiner reichen Geschichte, lebendigen Gemeinschaft und vielf\u00e4ltigen Veranstaltungen ist Noordwelle ein Ziel f\u00fcr sich, bereit, entdeckt zu werden.<\/p>\n","protected":false},"excerpt":{"rendered":"<p>Noordwelle, ein malerisches, charmantes Dorf mit einer reichen Geschichte und einer lebendigen Gemeinschaft! Lassen Sie mich Sie auf eine Entdeckungstour durch dieses versteckte Juwel an der K\u00fcste mitnehmen. Noordwelle verdankt seinen Namen einem alten Damm, der einen ehemaligen Bach abschloss und es n\u00f6rdlich dieses Damms (oder &#8220;welle&#8221;) liegen lie\u00df. Einst gab es auch ein Zuidwelle, aber das ist jetzt verschwunden. Heute ist Noordwelle eine enge Gemeinschaft, wenn auch mit einer bescheidenen Anzahl von Einwohnern, aber voller Aktivit\u00e4ten und j\u00e4hrlicher Veranstaltungen, die es wert sind, erlebt zu werden. Das Herzst\u00fcck von Noordwelle bildet die Corneliuskirche, ein wundersch\u00f6nes historisches Denkmal aus dem Jahr 1450. Obwohl es im Achtzigj\u00e4hrigen Krieg von staatlichen Truppen&hellip; <a class=\"read-more\" href=\"http:\/\/www.schouwsekust.eu\/de\/bezoek\/dorpen-steden\/noordwelle\/\">Mehr Lesen<\/a><\/p>\n","protected":false},"author":1,"featured_media":0,"parent":365,"menu_order":0,"comment_status":"closed","ping_status":"closed","template":"","meta":{"footnotes":""},"translation":{"provider":"WPGlobus","version":"2.12.2","language":"de","enabled_languages":["nl","gb","de"],"languages":{"nl":{"title":true,"content":true,"excerpt":false},"gb":{"title":true,"content":true,"excerpt":false},"de":{"title":true,"content":true,"excerpt":false}}},"_links":{"self":[{"href":"http:\/\/www.schouwsekust.eu\/de\/wp-json\/wp\/v2\/pages\/550"}],"collection":[{"href":"http:\/\/www.schouwsekust.eu\/de\/wp-json\/wp\/v2\/pages"}],"about":[{"href":"http:\/\/www.schouwsekust.eu\/de\/wp-json\/wp\/v2\/types\/page"}],"author":[{"embeddable":true,"href":"http:\/\/www.schouwsekust.eu\/de\/wp-json\/wp\/v2\/users\/1"}],"replies":[{"embeddable":true,"href":"http:\/\/www.schouwsekust.eu\/de\/wp-json\/wp\/v2\/comments?post=550"}],"version-history":[{"count":3,"href":"http:\/\/www.schouwsekust.eu\/de\/wp-json\/wp\/v2\/pages\/550\/revisions"}],"predecessor-version":[{"id":555,"href":"http:\/\/www.schouwsekust.eu\/de\/wp-json\/wp\/v2\/pages\/550\/revisions\/555"}],"up":[{"embeddable":true,"href":"http:\/\/www.schouwsekust.eu\/de\/wp-json\/wp\/v2\/pages\/365"}],"wp:attachment":[{"href":"http:\/\/www.schouwsekust.eu\/de\/wp-json\/wp\/v2\/media?parent=550"}],"curies":[{"name":"wp","href":"https:\/\/api.w.org\/{rel}","templated":true}]}}