{"id":564,"date":"2024-02-29T21:58:57","date_gmt":"2024-02-29T20:58:57","guid":{"rendered":"http:\/\/www.schouwsekust.eu\/?page_id=564"},"modified":"2024-02-29T22:00:42","modified_gmt":"2024-02-29T21:00:42","slug":"oosterland","status":"publish","type":"page","link":"http:\/\/www.schouwsekust.eu\/de\/bezoek\/dorpen-steden\/oosterland\/","title":{"rendered":"Oosterland"},"content":{"rendered":"\n<p>Dieses gem\u00fctliche Dorf, einst eine unabh\u00e4ngige Gemeinde, ist heute ein malerisches Reiseziel voller Geschichte und Charme.<\/p>\n\n\n\n<p>Wenn Sie durch Oosterland fahren, werden Sie von einer Reihe von wundersch\u00f6nen Villen und \u00fcppigen G\u00e4rten begr\u00fc\u00dft, die Ihnen sofort signalisieren, dass Sie auf etwas Besonderes gesto\u00dfen sind. Aber das ist erst der Anfang! Wenn Sie weiterfahren, stechen zwei Ikonen des Dorfes wirklich heraus: die imposante Sint-Judocus-Kirche und die elegante M\u00fchle aus dem 18. Jahrhundert.<\/p>\n\n\n\n<p>Lassen Sie uns \u00fcber diese Kirche sprechen. Um 1400 herum erbaut, hat sie einen Turm mit einem einzigartigen Satteldach &#8211; eine Seltenheit zu dieser Zeit. Und sie hat sogar eine interessante Geschichte: Ein Teil der Kirche wurde 1612 durch einen Brand zerst\u00f6rt, sodass der Turm jetzt vom Rest des Geb\u00e4udes getrennt ist. Aber glauben Sie mir, das tr\u00e4gt nur zu ihrer Mystik und ihrem Charakter bei.<\/p>\n\n\n\n<p>Wenn Sie Geschichte lieben, werden Sie dies gro\u00dfartig finden: Oosterland hat sage und schreibe 16 nationale Denkm\u00e4ler! Das ist viel Kulturerbe, das es zu erkunden gilt, von der Kirche und der M\u00fchle bis zum ehemaligen Armenhaus, dessen Geschichte von einer wundersch\u00f6nen Statue der Gr\u00fcnderin im Garten erz\u00e4hlt wird.<\/p>\n\n\n\n<p>Aber es gibt noch mehr! Die nat\u00fcrliche Sch\u00f6nheit von Oosterland wird Sie verzaubern. Schauen Sie sich diesen Naturturm an &#8211; einst ein alter Transformator-Turm, jetzt verwandelt in ein Refugium f\u00fcr die lokale Fauna, komplett mit einem coolen Insektenhotel. Und wenn Sie einen Hauch von Geschichte m\u00f6gen, k\u00f6nnen Sie die \u00dcberreste des alten Marevliet-Bachs sehen, heute bekannt als das Naturschutzgebiet De Geule.<\/p>\n","protected":false},"excerpt":{"rendered":"<p>Dieses gem\u00fctliche Dorf, einst eine unabh\u00e4ngige Gemeinde, ist heute ein malerisches Reiseziel voller Geschichte und Charme. Wenn Sie durch Oosterland fahren, werden Sie von einer Reihe von wundersch\u00f6nen Villen und \u00fcppigen G\u00e4rten begr\u00fc\u00dft, die Ihnen sofort signalisieren, dass Sie auf etwas Besonderes gesto\u00dfen sind. Aber das ist erst der Anfang! Wenn Sie weiterfahren, stechen zwei Ikonen des Dorfes wirklich heraus: die imposante Sint-Judocus-Kirche und die elegante M\u00fchle aus dem 18. Jahrhundert. Lassen Sie uns \u00fcber diese Kirche sprechen. Um 1400 herum erbaut, hat sie einen Turm mit einem einzigartigen Satteldach &#8211; eine Seltenheit zu dieser Zeit. Und sie hat sogar eine interessante Geschichte: Ein Teil der Kirche wurde 1612 durch&hellip; <a class=\"read-more\" href=\"http:\/\/www.schouwsekust.eu\/de\/bezoek\/dorpen-steden\/oosterland\/\">Mehr Lesen<\/a><\/p>\n","protected":false},"author":1,"featured_media":0,"parent":365,"menu_order":0,"comment_status":"closed","ping_status":"closed","template":"","meta":{"footnotes":""},"translation":{"provider":"WPGlobus","version":"2.12.2","language":"de","enabled_languages":["nl","gb","de"],"languages":{"nl":{"title":true,"content":true,"excerpt":false},"gb":{"title":true,"content":true,"excerpt":false},"de":{"title":true,"content":true,"excerpt":false}}},"_links":{"self":[{"href":"http:\/\/www.schouwsekust.eu\/de\/wp-json\/wp\/v2\/pages\/564"}],"collection":[{"href":"http:\/\/www.schouwsekust.eu\/de\/wp-json\/wp\/v2\/pages"}],"about":[{"href":"http:\/\/www.schouwsekust.eu\/de\/wp-json\/wp\/v2\/types\/page"}],"author":[{"embeddable":true,"href":"http:\/\/www.schouwsekust.eu\/de\/wp-json\/wp\/v2\/users\/1"}],"replies":[{"embeddable":true,"href":"http:\/\/www.schouwsekust.eu\/de\/wp-json\/wp\/v2\/comments?post=564"}],"version-history":[{"count":4,"href":"http:\/\/www.schouwsekust.eu\/de\/wp-json\/wp\/v2\/pages\/564\/revisions"}],"predecessor-version":[{"id":571,"href":"http:\/\/www.schouwsekust.eu\/de\/wp-json\/wp\/v2\/pages\/564\/revisions\/571"}],"up":[{"embeddable":true,"href":"http:\/\/www.schouwsekust.eu\/de\/wp-json\/wp\/v2\/pages\/365"}],"wp:attachment":[{"href":"http:\/\/www.schouwsekust.eu\/de\/wp-json\/wp\/v2\/media?parent=564"}],"curies":[{"name":"wp","href":"https:\/\/api.w.org\/{rel}","templated":true}]}}