{"id":582,"date":"2024-02-29T22:10:46","date_gmt":"2024-02-29T21:10:46","guid":{"rendered":"http:\/\/www.schouwsekust.eu\/?page_id=582"},"modified":"2024-02-29T22:12:43","modified_gmt":"2024-02-29T21:12:43","slug":"renesse","status":"publish","type":"page","link":"http:\/\/www.schouwsekust.eu\/de\/bezoek\/dorpen-steden\/renesse\/","title":{"rendered":"Renesse"},"content":{"rendered":"\n<p>Dieses lebendige K\u00fcstendorf ist der Ort, an dem Tr\u00e4ume wahr werden und Erinnerungen f\u00fcrs Leben entstehen. Also pack deine Koffer und lass dich von allem, was Renesse zu bieten hat, \u00fcberraschen!<\/p>\n\n\n\n<p>Zuerst einmal, lasst uns \u00fcber die Str\u00e4nde sprechen. Stell dir endlose Sandstr\u00e4nde vor, die zum Faulenzen in der Sonne, erfrischenden Tauchg\u00e4ngen in den Wellen und aufregenden Wassersportabenteuern einladen. Ob du ein erfahrener Surfer bist oder einfach nur mit den Zehen im Sand entspannen m\u00f6chtest, Renesses Str\u00e4nde werden dich in Staunen versetzen.<\/p>\n\n\n\n<p>Und was ist mit dem Adrenalinkick des Stra\u00f4-Events? Hier siehst du m\u00e4chtige Pferde durch die Brandung galoppieren, ein Spektakel, das dein Herz schneller schlagen l\u00e4sst und deine Sinne anspricht. Und wenn du magische Abende liebst, darfst du die Fjoertoer nicht verpassen. Ein bezaubernder Spaziergang entlang der K\u00fcste und durch die W\u00e4lder, umgeben von wundersch\u00f6nen Lichtkunstwerken &#8211; das ist wirklich ein Erlebnis, das man sich nicht entgehen lassen sollte!<\/p>\n\n\n\n<p>Aber es gibt noch mehr! Renesses lebendige Atmosph\u00e4re, gem\u00fctliche Terrassen und ausgezeichnete Restaurants sorgen daf\u00fcr, dass jeder Tag zu einer Party wird. Kosten Sie die Aromen der lokalen K\u00fcche, genie\u00dfen Sie einen erfrischenden Drink und lernen Sie die freundliche lokale Bev\u00f6lkerung kennen. Hier f\u00fchlen Sie sich sofort wie zu Hause, egal woher Sie kommen.<\/p>\n\n\n\n<p>Und vergessen wir nicht die Natur. Renesse ist von wundersch\u00f6nen Landschaften umgeben, von weiten D\u00fcnen bis hin zu malerischen W\u00e4ldern. Erkunden Sie die Gegend zu Fu\u00df oder mieten Sie ein Fahrrad und entdecken Sie die verborgenen Sch\u00e4tze dieser bezaubernden Region.<\/p>\n\n\n\n<p>Kurz gesagt, Renesse ist das Ziel f\u00fcr Abenteurer, Genie\u00dfer und Lebensk\u00fcnstler. Also worauf wartest du noch? Schnapp dir deinen Kompass, folge deinem Herzen und lass dich von der Magie von Renesse verzaubern. Das Abenteuer wartet auf dich!<\/p>\n","protected":false},"excerpt":{"rendered":"<p>Dieses lebendige K\u00fcstendorf ist der Ort, an dem Tr\u00e4ume wahr werden und Erinnerungen f\u00fcrs Leben entstehen. Also pack deine Koffer und lass dich von allem, was Renesse zu bieten hat, \u00fcberraschen! Zuerst einmal, lasst uns \u00fcber die Str\u00e4nde sprechen. Stell dir endlose Sandstr\u00e4nde vor, die zum Faulenzen in der Sonne, erfrischenden Tauchg\u00e4ngen in den Wellen und aufregenden Wassersportabenteuern einladen. Ob du ein erfahrener Surfer bist oder einfach nur mit den Zehen im Sand entspannen m\u00f6chtest, Renesses Str\u00e4nde werden dich in Staunen versetzen. Und was ist mit dem Adrenalinkick des Stra\u00f4-Events? Hier siehst du m\u00e4chtige Pferde durch die Brandung galoppieren, ein Spektakel, das dein Herz schneller schlagen l\u00e4sst und deine Sinne&hellip; <a class=\"read-more\" href=\"http:\/\/www.schouwsekust.eu\/de\/bezoek\/dorpen-steden\/renesse\/\">Mehr Lesen<\/a><\/p>\n","protected":false},"author":1,"featured_media":0,"parent":365,"menu_order":0,"comment_status":"closed","ping_status":"closed","template":"","meta":{"footnotes":""},"translation":{"provider":"WPGlobus","version":"2.12.2","language":"de","enabled_languages":["nl","gb","de"],"languages":{"nl":{"title":true,"content":true,"excerpt":false},"gb":{"title":true,"content":true,"excerpt":false},"de":{"title":true,"content":true,"excerpt":false}}},"_links":{"self":[{"href":"http:\/\/www.schouwsekust.eu\/de\/wp-json\/wp\/v2\/pages\/582"}],"collection":[{"href":"http:\/\/www.schouwsekust.eu\/de\/wp-json\/wp\/v2\/pages"}],"about":[{"href":"http:\/\/www.schouwsekust.eu\/de\/wp-json\/wp\/v2\/types\/page"}],"author":[{"embeddable":true,"href":"http:\/\/www.schouwsekust.eu\/de\/wp-json\/wp\/v2\/users\/1"}],"replies":[{"embeddable":true,"href":"http:\/\/www.schouwsekust.eu\/de\/wp-json\/wp\/v2\/comments?post=582"}],"version-history":[{"count":3,"href":"http:\/\/www.schouwsekust.eu\/de\/wp-json\/wp\/v2\/pages\/582\/revisions"}],"predecessor-version":[{"id":588,"href":"http:\/\/www.schouwsekust.eu\/de\/wp-json\/wp\/v2\/pages\/582\/revisions\/588"}],"up":[{"embeddable":true,"href":"http:\/\/www.schouwsekust.eu\/de\/wp-json\/wp\/v2\/pages\/365"}],"wp:attachment":[{"href":"http:\/\/www.schouwsekust.eu\/de\/wp-json\/wp\/v2\/media?parent=582"}],"curies":[{"name":"wp","href":"https:\/\/api.w.org\/{rel}","templated":true}]}}