{"id":604,"date":"2024-03-06T14:28:30","date_gmt":"2024-03-06T13:28:30","guid":{"rendered":"http:\/\/www.schouwsekust.eu\/?page_id=604"},"modified":"2024-03-06T14:29:54","modified_gmt":"2024-03-06T13:29:54","slug":"serooskerke-schouwen","status":"publish","type":"page","link":"http:\/\/www.schouwsekust.eu\/de\/bezoek\/dorpen-steden\/serooskerke-schouwen\/","title":{"rendered":"Serooskerke (Schouwen)"},"content":{"rendered":"\n<p>Serooskerke, ein idyllisches Ringdorf, bietet eine bezaubernde Mischung aus Geschichte, nat\u00fcrlicher Sch\u00f6nheit und lokalen Traditionen f\u00fcr Touristen zum Erkunden und Erleben. Mit etwa 265 Einwohnern ist dieses malerische Dorf das perfekte Ziel f\u00fcr Reisende, die Ruhe und Authentizit\u00e4t suchen.<\/p>\n\n\n\n<p>Das Herzst\u00fcck von Serooskerke wird von einer alten Kirche gebildet, die im 15. Jahrhundert erbaut und sp\u00e4ter restauriert wurde. Diese Kirche, zusammen mit dem Kirchturm, bildet eines der drei Reichsmonumente im Dorf und erm\u00f6glicht es Besuchern, einen Einblick in das reiche historische Erbe zu erhalten.<\/p>\n\n\n\n<p>Ein wichtiges Ereignis in der Geschichte von Serooskerke war die Sturmflut von 1953, die zu einem Deichbruch in der N\u00e4he des nahegelegenen Weilers Schelphoek f\u00fchrte. Diese Katastrophe f\u00fchrte zur Bildung des Naturschutzgebietes Schelphoek, einem atemberaubenden Ort, der heute von Naturliebhabern f\u00fcr seine friedliche Sch\u00f6nheit und als Tribut an die Flutopfer gesch\u00e4tzt wird.<\/p>\n\n\n\n<p>Neben der Schelphoek beherbergt Serooskerke auch die Prunjepolder, ein weiteres nat\u00fcrliches Juwel, das im Rahmen eines Naturschutzprojekts wiederhergestellt wurde. Dieses Gebiet bietet eine F\u00fclle von S\u00fcmpfen, B\u00e4chen und Kan\u00e4len und ist somit ein Paradies f\u00fcr Vogelbeobachter und Naturfotografen.<\/p>\n\n\n\n<p>Ein H\u00f6hepunkt des lokalen kulturellen Lebens ist das j\u00e4hrliche Ereignis namens Stra\u00f4 Rie\u00ebn, das am dritten Samstag im M\u00e4rz stattfindet. W\u00e4hrend dieses farbenfrohen Festivals ziehen geschm\u00fcckte Pferde durch das Dorf zum Strand, wo die lokale Bev\u00f6lkerung alte Traditionen feiert.<\/p>\n\n\n\n<p>F\u00fcr Touristen bietet Serooskerke auch zahlreiche M\u00f6glichkeiten zur Entspannung und Erholung. Vom Erkunden der historischen Stra\u00dfen des Dorfes bis hin zu ruhigen Spazierg\u00e4ngen in der umliegenden Natur ist f\u00fcr jeden etwas dabei in diesem bezaubernden Reiseziel.<\/p>\n\n\n\n<p>Zusammenfassend ist Serooskerke ein verborgenes Juwel in den Niederlanden, wo Besucher den Charme eines typisch niederl\u00e4ndischen Ringdorfes, die Sch\u00f6nheit der Natur und die lebendige lokale Kultur genie\u00dfen k\u00f6nnen. Mit seiner reichen Geschichte und atemberaubenden Landschaften ist dieses Dorf ein Ziel, das es wert ist, von Reisenden entdeckt zu werden, die ein einzigartiges und unvergessliches Erlebnis suchen.<\/p>\n","protected":false},"excerpt":{"rendered":"<p>Serooskerke, ein idyllisches Ringdorf, bietet eine bezaubernde Mischung aus Geschichte, nat\u00fcrlicher Sch\u00f6nheit und lokalen Traditionen f\u00fcr Touristen zum Erkunden und Erleben. Mit etwa 265 Einwohnern ist dieses malerische Dorf das perfekte Ziel f\u00fcr Reisende, die Ruhe und Authentizit\u00e4t suchen. Das Herzst\u00fcck von Serooskerke wird von einer alten Kirche gebildet, die im 15. Jahrhundert erbaut und sp\u00e4ter restauriert wurde. Diese Kirche, zusammen mit dem Kirchturm, bildet eines der drei Reichsmonumente im Dorf und erm\u00f6glicht es Besuchern, einen Einblick in das reiche historische Erbe zu erhalten. Ein wichtiges Ereignis in der Geschichte von Serooskerke war die Sturmflut von 1953, die zu einem Deichbruch in der N\u00e4he des nahegelegenen Weilers Schelphoek f\u00fchrte. Diese&hellip; <a class=\"read-more\" href=\"http:\/\/www.schouwsekust.eu\/de\/bezoek\/dorpen-steden\/serooskerke-schouwen\/\">Mehr Lesen<\/a><\/p>\n","protected":false},"author":1,"featured_media":0,"parent":365,"menu_order":0,"comment_status":"closed","ping_status":"closed","template":"","meta":{"footnotes":""},"translation":{"provider":"WPGlobus","version":"2.12.2","language":"de","enabled_languages":["nl","gb","de"],"languages":{"nl":{"title":true,"content":true,"excerpt":false},"gb":{"title":true,"content":true,"excerpt":false},"de":{"title":true,"content":true,"excerpt":false}}},"_links":{"self":[{"href":"http:\/\/www.schouwsekust.eu\/de\/wp-json\/wp\/v2\/pages\/604"}],"collection":[{"href":"http:\/\/www.schouwsekust.eu\/de\/wp-json\/wp\/v2\/pages"}],"about":[{"href":"http:\/\/www.schouwsekust.eu\/de\/wp-json\/wp\/v2\/types\/page"}],"author":[{"embeddable":true,"href":"http:\/\/www.schouwsekust.eu\/de\/wp-json\/wp\/v2\/users\/1"}],"replies":[{"embeddable":true,"href":"http:\/\/www.schouwsekust.eu\/de\/wp-json\/wp\/v2\/comments?post=604"}],"version-history":[{"count":4,"href":"http:\/\/www.schouwsekust.eu\/de\/wp-json\/wp\/v2\/pages\/604\/revisions"}],"predecessor-version":[{"id":609,"href":"http:\/\/www.schouwsekust.eu\/de\/wp-json\/wp\/v2\/pages\/604\/revisions\/609"}],"up":[{"embeddable":true,"href":"http:\/\/www.schouwsekust.eu\/de\/wp-json\/wp\/v2\/pages\/365"}],"wp:attachment":[{"href":"http:\/\/www.schouwsekust.eu\/de\/wp-json\/wp\/v2\/media?parent=604"}],"curies":[{"name":"wp","href":"https:\/\/api.w.org\/{rel}","templated":true}]}}