{"id":613,"date":"2024-05-24T12:31:43","date_gmt":"2024-05-24T11:31:43","guid":{"rendered":"http:\/\/www.schouwsekust.eu\/?page_id=613"},"modified":"2024-05-24T12:32:34","modified_gmt":"2024-05-24T11:32:34","slug":"sirjansland","status":"publish","type":"page","link":"http:\/\/www.schouwsekust.eu\/de\/bezoek\/dorpen-steden\/sirjansland\/","title":{"rendered":"Sirjansland"},"content":{"rendered":"\n<p>Entdecken Sie das malerische Dorf Sirjansland, ein verborgenes Juwel auf dem zauberhaften Schouwen-Duiveland in der Provinz Zeeland, Niederlande. Mit nur 345 Einwohnern strahlt Sirjansland eine friedliche Ruhe aus, perfekt f\u00fcr diejenigen, die dem Trubel des t\u00e4glichen Lebens entfliehen m\u00f6chten.<\/p>\n\n\n\n<p>Schlendern Sie durch die charmanten Stra\u00dfen und lassen Sie sich von der rustikalen Sch\u00f6nheit dieses historischen Dorfes verzaubern. Bewundern Sie die malerische Umgebung mit ihrer typisch zeel\u00e4ndischen Landschaft aus gr\u00fcnen Wiesen, pl\u00e4tschernden Wasserwegen und weiten Deichen.<\/p>\n\n\n\n<p>Ein Highlight eines Besuchs in Sirjansland ist der Dorpsbos Sirjansland, eine Oase der Gr\u00fcnfl\u00e4che und der Ruhe. Entstanden an der Stelle eines Deichbruchs im Jahr 1953, bietet dieser Wald heute einen friedlichen R\u00fcckzugsort f\u00fcr Naturliebhaber und Wanderer. Lassen Sie sich von den beruhigenden Kl\u00e4ngen der Natur verzaubern, w\u00e4hrend Sie entlang verwunschener Pfade spazieren und den Duft frischer Waldluft genie\u00dfen.<\/p>\n\n\n\n<p>Besuchen Sie unbedingt auch das charmante Dorfzentrum, wo Sie das \u00f6rtliche Caf\u00e9 finden, einen lebhaften Treffpunkt, wo Sie ein erfrischendes Getr\u00e4nk genie\u00dfen und die herzliche Gastfreundschaft der Einheimischen erleben k\u00f6nnen. Erkunden Sie die malerischen Stra\u00dfen und bewundern Sie die historische Architektur, darunter die charakteristische Dorfkirche der reformierten Gemeinde Sirjansland, die seit Jahrhunderten das Dorfbild ziert.<\/p>\n\n\n\n<p>Sirjansland, von den Einheimischen liebevoll &#8220;Sir&#8221; genannt, liegt g\u00fcnstig am Grevelingenmeer und am Dijkwater und ist damit ein idealer Ausgangspunkt f\u00fcr Wassersportbegeisterte und Naturliebhaber gleicherma\u00dfen. Genie\u00dfen Sie einen entspannten Tag am Wasser, wo Sie segeln, Kajak fahren oder einfach nur die wundersch\u00f6ne Aussicht \u00fcber den See genie\u00dfen k\u00f6nnen.<\/p>\n\n\n\n<p>Ob Sie nun auf der Suche nach einem ruhigen R\u00fcckzugsort inmitten der Natur sind oder eine authentische Erfahrung in einem typisch zeel\u00e4ndischen Dorf suchen, Sirjansland hei\u00dft Sie mit offenen Armen willkommen. Kommen Sie und entdecken Sie die verborgenen Sch\u00e4tze dieses bezaubernden Dorfes auf Schouwen-Duiveland.<\/p>\n","protected":false},"excerpt":{"rendered":"<p>Entdecken Sie das malerische Dorf Sirjansland, ein verborgenes Juwel auf dem zauberhaften Schouwen-Duiveland in der Provinz Zeeland, Niederlande. Mit nur 345 Einwohnern strahlt Sirjansland eine friedliche Ruhe aus, perfekt f\u00fcr diejenigen, die dem Trubel des t\u00e4glichen Lebens entfliehen m\u00f6chten. Schlendern Sie durch die charmanten Stra\u00dfen und lassen Sie sich von der rustikalen Sch\u00f6nheit dieses historischen Dorfes verzaubern. Bewundern Sie die malerische Umgebung mit ihrer typisch zeel\u00e4ndischen Landschaft aus gr\u00fcnen Wiesen, pl\u00e4tschernden Wasserwegen und weiten Deichen. Ein Highlight eines Besuchs in Sirjansland ist der Dorpsbos Sirjansland, eine Oase der Gr\u00fcnfl\u00e4che und der Ruhe. Entstanden an der Stelle eines Deichbruchs im Jahr 1953, bietet dieser Wald heute einen friedlichen R\u00fcckzugsort f\u00fcr Naturliebhaber&hellip; <a class=\"read-more\" href=\"http:\/\/www.schouwsekust.eu\/de\/bezoek\/dorpen-steden\/sirjansland\/\">Mehr Lesen<\/a><\/p>\n","protected":false},"author":1,"featured_media":0,"parent":365,"menu_order":0,"comment_status":"closed","ping_status":"closed","template":"","meta":{"footnotes":""},"translation":{"provider":"WPGlobus","version":"2.12.2","language":"de","enabled_languages":["nl","gb","de"],"languages":{"nl":{"title":true,"content":true,"excerpt":false},"gb":{"title":true,"content":true,"excerpt":false},"de":{"title":false,"content":true,"excerpt":false}}},"_links":{"self":[{"href":"http:\/\/www.schouwsekust.eu\/de\/wp-json\/wp\/v2\/pages\/613"}],"collection":[{"href":"http:\/\/www.schouwsekust.eu\/de\/wp-json\/wp\/v2\/pages"}],"about":[{"href":"http:\/\/www.schouwsekust.eu\/de\/wp-json\/wp\/v2\/types\/page"}],"author":[{"embeddable":true,"href":"http:\/\/www.schouwsekust.eu\/de\/wp-json\/wp\/v2\/users\/1"}],"replies":[{"embeddable":true,"href":"http:\/\/www.schouwsekust.eu\/de\/wp-json\/wp\/v2\/comments?post=613"}],"version-history":[{"count":3,"href":"http:\/\/www.schouwsekust.eu\/de\/wp-json\/wp\/v2\/pages\/613\/revisions"}],"predecessor-version":[{"id":617,"href":"http:\/\/www.schouwsekust.eu\/de\/wp-json\/wp\/v2\/pages\/613\/revisions\/617"}],"up":[{"embeddable":true,"href":"http:\/\/www.schouwsekust.eu\/de\/wp-json\/wp\/v2\/pages\/365"}],"wp:attachment":[{"href":"http:\/\/www.schouwsekust.eu\/de\/wp-json\/wp\/v2\/media?parent=613"}],"curies":[{"name":"wp","href":"https:\/\/api.w.org\/{rel}","templated":true}]}}