{"id":654,"date":"2024-10-28T13:58:45","date_gmt":"2024-10-28T12:58:45","guid":{"rendered":"http:\/\/www.schouwsekust.eu\/?page_id=654"},"modified":"2024-10-28T14:00:22","modified_gmt":"2024-10-28T13:00:22","slug":"verklikkerduinen","status":"publish","type":"page","link":"http:\/\/www.schouwsekust.eu\/de\/bezoek\/natuur\/verklikkerduinen\/","title":{"rendered":"Verklikkerduinen"},"content":{"rendered":"\n<p>Die Verklikkerduinen sind ein einzigartiges Naturschutzgebiet auf der Insel Schouwen-Duiveland in Zeeland, mit wundersch\u00f6nen Parabold\u00fcnen und feuchten D\u00fcnenmulden voller seltener Pflanzen und Blumen. Dieses junge D\u00fcnengebiet entstand im Mittelalter durch die Kraft des Windes und bietet zahlreichen Tieren wie Kaninchen, Salamandern und Libellen einen Lebensraum. Die drei feuchten D\u00fcnenmulden\u2014die Au\u00dfenverklikker, Innenverklikker und das Kaninchencircus\u2014sind besonders reich an Flora, darunter der Gr\u00fcnknollorchis und das Tausendguldenkraut.<\/p>\n\n\n\n<p>Die D\u00fcnen verdanken ihren Namen einem historischen Signal, das als Orientierungspunkt f\u00fcr die Schifffahrt zwischen den Leuchtt\u00fcrmen von Goeree und Schouwen diente. Du kannst das Gebiet \u00fcber das Duinhoevepad und den Verklikkerpad erkunden, aber es ist nicht erlaubt, durch die D\u00fcnen selbst zu laufen, um die Ruhe der Tiere zu gew\u00e4hrleisten. Die Verklikkerduinen sind auch ein ausgezeichneter Ort, um Seev\u00f6gel zu beobachten und bieten einen herrlichen Blick auf die Natur.<\/p>\n","protected":false},"excerpt":{"rendered":"<p>Die Verklikkerduinen sind ein einzigartiges Naturschutzgebiet auf der Insel Schouwen-Duiveland in Zeeland, mit wundersch\u00f6nen Parabold\u00fcnen und feuchten D\u00fcnenmulden voller seltener Pflanzen und Blumen. Dieses junge D\u00fcnengebiet entstand im Mittelalter durch die Kraft des Windes und bietet zahlreichen Tieren wie Kaninchen, Salamandern und Libellen einen Lebensraum. Die drei feuchten D\u00fcnenmulden\u2014die Au\u00dfenverklikker, Innenverklikker und das Kaninchencircus\u2014sind besonders reich an Flora, darunter der Gr\u00fcnknollorchis und das Tausendguldenkraut. Die D\u00fcnen verdanken ihren Namen einem historischen Signal, das als Orientierungspunkt f\u00fcr die Schifffahrt zwischen den Leuchtt\u00fcrmen von Goeree und Schouwen diente. Du kannst das Gebiet \u00fcber das Duinhoevepad und den Verklikkerpad erkunden, aber es ist nicht erlaubt, durch die D\u00fcnen selbst zu laufen, um die&hellip; <a class=\"read-more\" href=\"http:\/\/www.schouwsekust.eu\/de\/bezoek\/natuur\/verklikkerduinen\/\">Mehr Lesen<\/a><\/p>\n","protected":false},"author":1,"featured_media":0,"parent":626,"menu_order":0,"comment_status":"closed","ping_status":"closed","template":"","meta":{"footnotes":""},"translation":{"provider":"WPGlobus","version":"2.12.2","language":"de","enabled_languages":["nl","gb","de"],"languages":{"nl":{"title":true,"content":true,"excerpt":false},"gb":{"title":true,"content":true,"excerpt":false},"de":{"title":true,"content":true,"excerpt":false}}},"_links":{"self":[{"href":"http:\/\/www.schouwsekust.eu\/de\/wp-json\/wp\/v2\/pages\/654"}],"collection":[{"href":"http:\/\/www.schouwsekust.eu\/de\/wp-json\/wp\/v2\/pages"}],"about":[{"href":"http:\/\/www.schouwsekust.eu\/de\/wp-json\/wp\/v2\/types\/page"}],"author":[{"embeddable":true,"href":"http:\/\/www.schouwsekust.eu\/de\/wp-json\/wp\/v2\/users\/1"}],"replies":[{"embeddable":true,"href":"http:\/\/www.schouwsekust.eu\/de\/wp-json\/wp\/v2\/comments?post=654"}],"version-history":[{"count":3,"href":"http:\/\/www.schouwsekust.eu\/de\/wp-json\/wp\/v2\/pages\/654\/revisions"}],"predecessor-version":[{"id":659,"href":"http:\/\/www.schouwsekust.eu\/de\/wp-json\/wp\/v2\/pages\/654\/revisions\/659"}],"up":[{"embeddable":true,"href":"http:\/\/www.schouwsekust.eu\/de\/wp-json\/wp\/v2\/pages\/626"}],"wp:attachment":[{"href":"http:\/\/www.schouwsekust.eu\/de\/wp-json\/wp\/v2\/media?parent=654"}],"curies":[{"name":"wp","href":"https:\/\/api.w.org\/{rel}","templated":true}]}}