{"id":668,"date":"2024-10-28T14:32:34","date_gmt":"2024-10-28T13:32:34","guid":{"rendered":"http:\/\/www.schouwsekust.eu\/?page_id=668"},"modified":"2024-10-28T14:33:17","modified_gmt":"2024-10-28T13:33:17","slug":"oosterschelde","status":"publish","type":"page","link":"http:\/\/www.schouwsekust.eu\/de\/bezoek\/natuur\/oosterschelde\/","title":{"rendered":"Oosterschelde"},"content":{"rendered":"\n<p>Der Nationalpark Oosterschelde ist der gr\u00f6\u00dfte und nasseste Nationalpark der Niederlande mit einer beeindruckenden Fl\u00e4che von 37.000 Hektar. Das Gebiet entstand nach der \u00dcberflutungskatastrophe von 1953 und bietet eine einzigartige und dynamische Natur, in der Gezeiten eine reiche Biodiversit\u00e4t von Tausenden von V\u00f6geln, Pflanzen und Tieren schaffen. Der Park ist ein wichtiges Brutgebiet f\u00fcr verschiedene Vogelarten und eine entscheidende Umgebung f\u00fcr Fischarten wie Seelachs und Sardelle. Auch Seehunde und Brillenrobben f\u00fchlen sich in diesen Gew\u00e4ssern wohl und sind h\u00e4ufig auf den Sandb\u00e4nken zu beobachten.<\/p>\n\n\n\n<p>Besucher k\u00f6nnen an zahlreichen naturnahen Aktivit\u00e4ten teilnehmen, wie Strandgut sammeln, Gummistiefeltouren, Kajakfahren und Schnorcheln. Die M\u00f6glichkeiten zur Vogelbeobachtung sind endlos, und mit etwas Gl\u00fcck kann man sogar Seehunde in ihrem nat\u00fcrlichen Lebensraum sehen. Der Nationalpark Oosterschelde ist kostenlos zug\u00e4nglich, jedoch ist es von gro\u00dfer Bedeutung, der Natur den Raum und die Ruhe zu geben, die sie verdient. Der Park ist Teil des Natura 2000-Netzwerks, das wichtige gesch\u00fctzte Naturgebiete in ganz Europa umfasst.<\/p>\n\n\n\n<p>Mit seiner einzigartigen Kombination aus S\u00fc\u00df- und Salzwasser und einer sich st\u00e4ndig ver\u00e4ndernden Landschaft bietet der Park Heimat f\u00fcr mehr als 85 Arten von Wasserv\u00f6geln, darunter die Tureluur, den L\u00f6ffler und verschiedene G\u00e4nsearten. Die Gezeiten sorgen daf\u00fcr, dass t\u00e4glich Schlick- und Sandb\u00e4nke trockenfallen, die voller frischer Nahrung f\u00fcr die V\u00f6gel sind.<\/p>\n","protected":false},"excerpt":{"rendered":"<p>Der Nationalpark Oosterschelde ist der gr\u00f6\u00dfte und nasseste Nationalpark der Niederlande mit einer beeindruckenden Fl\u00e4che von 37.000 Hektar. Das Gebiet entstand nach der \u00dcberflutungskatastrophe von 1953 und bietet eine einzigartige und dynamische Natur, in der Gezeiten eine reiche Biodiversit\u00e4t von Tausenden von V\u00f6geln, Pflanzen und Tieren schaffen. Der Park ist ein wichtiges Brutgebiet f\u00fcr verschiedene Vogelarten und eine entscheidende Umgebung f\u00fcr Fischarten wie Seelachs und Sardelle. Auch Seehunde und Brillenrobben f\u00fchlen sich in diesen Gew\u00e4ssern wohl und sind h\u00e4ufig auf den Sandb\u00e4nken zu beobachten. Besucher k\u00f6nnen an zahlreichen naturnahen Aktivit\u00e4ten teilnehmen, wie Strandgut sammeln, Gummistiefeltouren, Kajakfahren und Schnorcheln. Die M\u00f6glichkeiten zur Vogelbeobachtung sind endlos, und mit etwas Gl\u00fcck kann man&hellip; <a class=\"read-more\" href=\"http:\/\/www.schouwsekust.eu\/de\/bezoek\/natuur\/oosterschelde\/\">Mehr Lesen<\/a><\/p>\n","protected":false},"author":1,"featured_media":0,"parent":626,"menu_order":0,"comment_status":"closed","ping_status":"closed","template":"","meta":{"footnotes":""},"translation":{"provider":"WPGlobus","version":"2.12.2","language":"de","enabled_languages":["nl","gb","de"],"languages":{"nl":{"title":true,"content":true,"excerpt":false},"gb":{"title":true,"content":true,"excerpt":false},"de":{"title":true,"content":true,"excerpt":false}}},"_links":{"self":[{"href":"http:\/\/www.schouwsekust.eu\/de\/wp-json\/wp\/v2\/pages\/668"}],"collection":[{"href":"http:\/\/www.schouwsekust.eu\/de\/wp-json\/wp\/v2\/pages"}],"about":[{"href":"http:\/\/www.schouwsekust.eu\/de\/wp-json\/wp\/v2\/types\/page"}],"author":[{"embeddable":true,"href":"http:\/\/www.schouwsekust.eu\/de\/wp-json\/wp\/v2\/users\/1"}],"replies":[{"embeddable":true,"href":"http:\/\/www.schouwsekust.eu\/de\/wp-json\/wp\/v2\/comments?post=668"}],"version-history":[{"count":3,"href":"http:\/\/www.schouwsekust.eu\/de\/wp-json\/wp\/v2\/pages\/668\/revisions"}],"predecessor-version":[{"id":671,"href":"http:\/\/www.schouwsekust.eu\/de\/wp-json\/wp\/v2\/pages\/668\/revisions\/671"}],"up":[{"embeddable":true,"href":"http:\/\/www.schouwsekust.eu\/de\/wp-json\/wp\/v2\/pages\/626"}],"wp:attachment":[{"href":"http:\/\/www.schouwsekust.eu\/de\/wp-json\/wp\/v2\/media?parent=668"}],"curies":[{"name":"wp","href":"https:\/\/api.w.org\/{rel}","templated":true}]}}