{"id":680,"date":"2024-10-28T15:03:17","date_gmt":"2024-10-28T14:03:17","guid":{"rendered":"http:\/\/www.schouwsekust.eu\/?page_id=680"},"modified":"2024-10-28T15:04:35","modified_gmt":"2024-10-28T14:04:35","slug":"zouten-en-zoeten-haard","status":"publish","type":"page","link":"http:\/\/www.schouwsekust.eu\/de\/bezoek\/natuur\/zouten-en-zoeten-haard\/","title":{"rendered":"Zouten en Zoeten Haard"},"content":{"rendered":"\n<p>Das Gebiet Zouten en Zoeten Haard, das sich entlang der \u00f6stlichen D\u00fcnen von Renesse erstreckt, ist eine einzigartige und fragile Naturlandschaft, die stark vom Meer beeinflusst wird. Der Name \u201eZouten en Zoeten Haard\u201c (Salz und S\u00fc\u00df) verweist auf das Zusammenspiel von salzigem und s\u00fc\u00dfem Wasser, das einen idealen Lebensraum f\u00fcr eine reiche Vielfalt an Flora und Fauna schafft. Als Teil der Binnenlandschaft der D\u00fcnen ist dieses Gebiet \u00f6kologisch besonders wertvoll.<\/p>\n\n\n\n<p>Im Fr\u00fchling und Sommer verwandelt sich Zouten en Zoeten Haard in ein farbenpr\u00e4chtiges Naturschauspiel, wenn unz\u00e4hlige Orchideen und leuchtend gelbe Schwertlilien bl\u00fchen. Besonders bekannt ist das Gebiet f\u00fcr die seltene Orchideenart Harlekin-Knabenkraut, die im April und Mai bl\u00fcht und die Felder in einen rosafarbenen Schleier taucht. Botaniker und Naturliebhaber kommen hierher, um diese seltenen Arten zu beobachten und die Pflanzenvielfalt zu genie\u00dfen.<\/p>\n\n\n\n<p>Das Gebiet ist zudem ein gesch\u00fctzter Zufluchtsort f\u00fcr verschiedene Vogelarten, von denen einige das ganze Jahr \u00fcber hier anzutreffen sind. V\u00f6gel wie Uferschnepfen und L\u00f6ffelenten kommen hierher, um sich zu st\u00e4rken und auszuruhen, bevor die Brutsaison beginnt. In der ruhigen Umgebung von Zouten en Zoeten Haard finden diese V\u00f6gel ideale Bedingungen, um sich zu erholen und Schutz zu finden.<\/p>\n\n\n\n<p>Um das empfindliche \u00d6kosystem zu sch\u00fctzen, ist das Gebiet selbst nicht f\u00fcr Wanderer zug\u00e4nglich. Besucher k\u00f6nnen jedoch die nat\u00fcrliche Sch\u00f6nheit von den R\u00e4ndern des Gel\u00e4ndes aus genie\u00dfen. Hier bietet der Anblick der bl\u00fchenden Vegetation und der zahlreichen Vogelarten eine ideale Kulisse f\u00fcr Naturliebhaber, die die Ruhe und Unber\u00fchrtheit Zeelands erleben m\u00f6chten, ohne die Natur zu st\u00f6ren.<\/p>\n","protected":false},"excerpt":{"rendered":"<p>Das Gebiet Zouten en Zoeten Haard, das sich entlang der \u00f6stlichen D\u00fcnen von Renesse erstreckt, ist eine einzigartige und fragile Naturlandschaft, die stark vom Meer beeinflusst wird. Der Name \u201eZouten en Zoeten Haard\u201c (Salz und S\u00fc\u00df) verweist auf das Zusammenspiel von salzigem und s\u00fc\u00dfem Wasser, das einen idealen Lebensraum f\u00fcr eine reiche Vielfalt an Flora und Fauna schafft. Als Teil der Binnenlandschaft der D\u00fcnen ist dieses Gebiet \u00f6kologisch besonders wertvoll. Im Fr\u00fchling und Sommer verwandelt sich Zouten en Zoeten Haard in ein farbenpr\u00e4chtiges Naturschauspiel, wenn unz\u00e4hlige Orchideen und leuchtend gelbe Schwertlilien bl\u00fchen. Besonders bekannt ist das Gebiet f\u00fcr die seltene Orchideenart Harlekin-Knabenkraut, die im April und Mai bl\u00fcht und die&hellip; <a class=\"read-more\" href=\"http:\/\/www.schouwsekust.eu\/de\/bezoek\/natuur\/zouten-en-zoeten-haard\/\">Mehr Lesen<\/a><\/p>\n","protected":false},"author":1,"featured_media":0,"parent":626,"menu_order":0,"comment_status":"closed","ping_status":"closed","template":"","meta":{"footnotes":""},"translation":{"provider":"WPGlobus","version":"2.12.2","language":"de","enabled_languages":["nl","gb","de"],"languages":{"nl":{"title":true,"content":true,"excerpt":false},"gb":{"title":true,"content":true,"excerpt":false},"de":{"title":true,"content":true,"excerpt":false}}},"_links":{"self":[{"href":"http:\/\/www.schouwsekust.eu\/de\/wp-json\/wp\/v2\/pages\/680"}],"collection":[{"href":"http:\/\/www.schouwsekust.eu\/de\/wp-json\/wp\/v2\/pages"}],"about":[{"href":"http:\/\/www.schouwsekust.eu\/de\/wp-json\/wp\/v2\/types\/page"}],"author":[{"embeddable":true,"href":"http:\/\/www.schouwsekust.eu\/de\/wp-json\/wp\/v2\/users\/1"}],"replies":[{"embeddable":true,"href":"http:\/\/www.schouwsekust.eu\/de\/wp-json\/wp\/v2\/comments?post=680"}],"version-history":[{"count":4,"href":"http:\/\/www.schouwsekust.eu\/de\/wp-json\/wp\/v2\/pages\/680\/revisions"}],"predecessor-version":[{"id":684,"href":"http:\/\/www.schouwsekust.eu\/de\/wp-json\/wp\/v2\/pages\/680\/revisions\/684"}],"up":[{"embeddable":true,"href":"http:\/\/www.schouwsekust.eu\/de\/wp-json\/wp\/v2\/pages\/626"}],"wp:attachment":[{"href":"http:\/\/www.schouwsekust.eu\/de\/wp-json\/wp\/v2\/media?parent=680"}],"curies":[{"name":"wp","href":"https:\/\/api.w.org\/{rel}","templated":true}]}}