{"id":685,"date":"2024-10-28T15:11:37","date_gmt":"2024-10-28T14:11:37","guid":{"rendered":"http:\/\/www.schouwsekust.eu\/?page_id=685"},"modified":"2024-10-28T15:14:39","modified_gmt":"2024-10-28T14:14:39","slug":"slot-haamstede","status":"publish","type":"page","link":"http:\/\/www.schouwsekust.eu\/de\/bezoek\/natuur\/slot-haamstede\/","title":{"rendered":"Slot Haamstede"},"content":{"rendered":"\n<p>Landgoed Slot Haamstede, gelegen auf Schouwen-Duiveland, ist ein historisches und naturreiches Anwesen, wo Geschichte und Natur harmonisch zusammenkommen. Das Schloss Slot Haamstede aus dem 13. Jahrhundert, umgeben von einem Wassergraben und alten B\u00e4umen, versetzt die Besucher in vergangene Zeiten. Der imposante Rittersaal, antike M\u00f6bel und die alte Schlossmauer spiegeln die reiche Geschichte dieses Anwesens wider, das im 17. Jahrhundert von Jacob van den Eynde nach einem gro\u00dfen Brand restauriert wurde. Seit 1981 wird das Anwesen von Natuurmonumenten verwaltet, das den Besuchern die M\u00f6glichkeit gibt, diese einzigartige Umgebung zu erkunden und gleichzeitig die historische Bedeutung zu bewahren.<\/p>\n\n\n\n<p>Um das Schloss herum erstreckt sich der Schlosswald, ein alter Laubwald mit majest\u00e4tischen Sommereichen. Eine alte Mauer umgibt den Wald, in dem besondere Pflanzen wie das Mauerl\u00f6wenmaul und Mauerfarne wachsen. Auf der K\u00fcstenseite liegt die Zeepeduinen, ein weitl\u00e4ufiges D\u00fcnengebiet mit Sandfl\u00e4chen, D\u00fcnent\u00e4lern, Seen und bl\u00fchenden Str\u00e4uchern. Hier singen im Sommer V\u00f6gel wie die Nachtigall und der Baumpieper, und gr\u00f6\u00dfere Tiere wie Damwild, Rehe und Shetlandponys tragen zur Pflege der offenen D\u00fcnenlandschaft bei. Das Gebiet beherbergt auch Bunker aus dem Zweiten Weltkrieg, die heute als Zufluchtsort f\u00fcr verschiedene Fledermausarten dienen.<\/p>\n\n\n\n<p>Das Anwesen bietet mehrere Wanderwege von 3 bis 5 km, die Besucher durch das Schlossgel\u00e4nde und die Zeepeduinen f\u00fchren. Diese Routen bieten die M\u00f6glichkeit, das historische und nat\u00fcrliche Erbe von Slot Haamstede zu erleben und die Ruhe, Sch\u00f6nheit und Vielfalt der Landschaft zu genie\u00dfen.<\/p>\n","protected":false},"excerpt":{"rendered":"<p>Landgoed Slot Haamstede, gelegen auf Schouwen-Duiveland, ist ein historisches und naturreiches Anwesen, wo Geschichte und Natur harmonisch zusammenkommen. Das Schloss Slot Haamstede aus dem 13. Jahrhundert, umgeben von einem Wassergraben und alten B\u00e4umen, versetzt die Besucher in vergangene Zeiten. Der imposante Rittersaal, antike M\u00f6bel und die alte Schlossmauer spiegeln die reiche Geschichte dieses Anwesens wider, das im 17. Jahrhundert von Jacob van den Eynde nach einem gro\u00dfen Brand restauriert wurde. Seit 1981 wird das Anwesen von Natuurmonumenten verwaltet, das den Besuchern die M\u00f6glichkeit gibt, diese einzigartige Umgebung zu erkunden und gleichzeitig die historische Bedeutung zu bewahren. Um das Schloss herum erstreckt sich der Schlosswald, ein alter Laubwald mit majest\u00e4tischen Sommereichen.&hellip; <a class=\"read-more\" href=\"http:\/\/www.schouwsekust.eu\/de\/bezoek\/natuur\/slot-haamstede\/\">Mehr Lesen<\/a><\/p>\n","protected":false},"author":1,"featured_media":0,"parent":626,"menu_order":0,"comment_status":"closed","ping_status":"closed","template":"","meta":{"footnotes":""},"translation":{"provider":"WPGlobus","version":"2.12.2","language":"de","enabled_languages":["nl","gb","de"],"languages":{"nl":{"title":true,"content":true,"excerpt":false},"gb":{"title":true,"content":true,"excerpt":false},"de":{"title":true,"content":true,"excerpt":false}}},"_links":{"self":[{"href":"http:\/\/www.schouwsekust.eu\/de\/wp-json\/wp\/v2\/pages\/685"}],"collection":[{"href":"http:\/\/www.schouwsekust.eu\/de\/wp-json\/wp\/v2\/pages"}],"about":[{"href":"http:\/\/www.schouwsekust.eu\/de\/wp-json\/wp\/v2\/types\/page"}],"author":[{"embeddable":true,"href":"http:\/\/www.schouwsekust.eu\/de\/wp-json\/wp\/v2\/users\/1"}],"replies":[{"embeddable":true,"href":"http:\/\/www.schouwsekust.eu\/de\/wp-json\/wp\/v2\/comments?post=685"}],"version-history":[{"count":3,"href":"http:\/\/www.schouwsekust.eu\/de\/wp-json\/wp\/v2\/pages\/685\/revisions"}],"predecessor-version":[{"id":694,"href":"http:\/\/www.schouwsekust.eu\/de\/wp-json\/wp\/v2\/pages\/685\/revisions\/694"}],"up":[{"embeddable":true,"href":"http:\/\/www.schouwsekust.eu\/de\/wp-json\/wp\/v2\/pages\/626"}],"wp:attachment":[{"href":"http:\/\/www.schouwsekust.eu\/de\/wp-json\/wp\/v2\/media?parent=685"}],"curies":[{"name":"wp","href":"https:\/\/api.w.org\/{rel}","templated":true}]}}