{"id":701,"date":"2024-10-28T15:29:43","date_gmt":"2024-10-28T14:29:43","guid":{"rendered":"http:\/\/www.schouwsekust.eu\/?page_id=701"},"modified":"2024-10-28T15:30:30","modified_gmt":"2024-10-28T14:30:30","slug":"plaat-van-de-vliet","status":"publish","type":"page","link":"http:\/\/www.schouwsekust.eu\/de\/bezoek\/natuur\/plaat-van-de-vliet\/","title":{"rendered":"Plaat van Vliet"},"content":{"rendered":"\n<p>Die Plaat van de Vliet ist eine ehemalige Sandbank, die nach dem Bau des Krammer-Volkerak-Damms im Jahr 1987 trocken fiel und nun ein einzigartiges Naturschutzgebiet darstellt. Hier wachsen seltene Pflanzenarten, die typisch f\u00fcr feuchte, kalkreiche D\u00fcnen sind, darunter Parnassia, Winterbitterling, Tausendg\u00fcldenkraut und verschiedene Orchideen. Um das Wachstum von Str\u00e4uchern zu verhindern, wird die Beweidung dieser seltenen Pflanzen sorgf\u00e4ltig verwaltet.<\/p>\n\n\n\n<p>Das umgebende Wasser ist reich an verschiedenen Vogelarten, darunter Haubentaucher und Enten wie die Mittelente und den Brillenschwan. Vogelbeobachter k\u00f6nnen die Fauna von Aussichtst\u00fcrmen und Beobachtungsh\u00fctten aus genie\u00dfen, was dieses Gebiet besonders wertvoll f\u00fcr Natur- und Vogelbegeisterte macht. Die Kombination aus seltenen Pflanzen und einer vielf\u00e4ltigen Vogelpopulation macht die Plaat van de Vliet zu einem bedeutenden Ort f\u00fcr Naturliebhaber.<\/p>\n\n\n\n<p>Um die nat\u00fcrliche Biodiversit\u00e4t zu gew\u00e4hrleisten, erfolgt die Beweidung durch Koniks, Rote Geusen und Wisente. Diese Tiere helfen, zu verhindern, dass Flieder und Sanddorn die seltenen Pflanzen verdr\u00e4ngen. Dar\u00fcber hinaus wurden Ma\u00dfnahmen gegen den Wind- und Sandsturm ergriffen, wie das Anpflanzen von Strandhafer, was zur Bildung niedriger Sandd\u00fcnen f\u00fchrte.<\/p>\n","protected":false},"excerpt":{"rendered":"<p>Die Plaat van de Vliet ist eine ehemalige Sandbank, die nach dem Bau des Krammer-Volkerak-Damms im Jahr 1987 trocken fiel und nun ein einzigartiges Naturschutzgebiet darstellt. Hier wachsen seltene Pflanzenarten, die typisch f\u00fcr feuchte, kalkreiche D\u00fcnen sind, darunter Parnassia, Winterbitterling, Tausendg\u00fcldenkraut und verschiedene Orchideen. Um das Wachstum von Str\u00e4uchern zu verhindern, wird die Beweidung dieser seltenen Pflanzen sorgf\u00e4ltig verwaltet. Das umgebende Wasser ist reich an verschiedenen Vogelarten, darunter Haubentaucher und Enten wie die Mittelente und den Brillenschwan. Vogelbeobachter k\u00f6nnen die Fauna von Aussichtst\u00fcrmen und Beobachtungsh\u00fctten aus genie\u00dfen, was dieses Gebiet besonders wertvoll f\u00fcr Natur- und Vogelbegeisterte macht. Die Kombination aus seltenen Pflanzen und einer vielf\u00e4ltigen Vogelpopulation macht die Plaat van&hellip; <a class=\"read-more\" href=\"http:\/\/www.schouwsekust.eu\/de\/bezoek\/natuur\/plaat-van-de-vliet\/\">Mehr Lesen<\/a><\/p>\n","protected":false},"author":1,"featured_media":0,"parent":626,"menu_order":0,"comment_status":"closed","ping_status":"closed","template":"","meta":{"footnotes":""},"translation":{"provider":"WPGlobus","version":"2.12.2","language":"de","enabled_languages":["nl","gb","de"],"languages":{"nl":{"title":true,"content":true,"excerpt":false},"gb":{"title":true,"content":true,"excerpt":false},"de":{"title":true,"content":true,"excerpt":false}}},"_links":{"self":[{"href":"http:\/\/www.schouwsekust.eu\/de\/wp-json\/wp\/v2\/pages\/701"}],"collection":[{"href":"http:\/\/www.schouwsekust.eu\/de\/wp-json\/wp\/v2\/pages"}],"about":[{"href":"http:\/\/www.schouwsekust.eu\/de\/wp-json\/wp\/v2\/types\/page"}],"author":[{"embeddable":true,"href":"http:\/\/www.schouwsekust.eu\/de\/wp-json\/wp\/v2\/users\/1"}],"replies":[{"embeddable":true,"href":"http:\/\/www.schouwsekust.eu\/de\/wp-json\/wp\/v2\/comments?post=701"}],"version-history":[{"count":3,"href":"http:\/\/www.schouwsekust.eu\/de\/wp-json\/wp\/v2\/pages\/701\/revisions"}],"predecessor-version":[{"id":704,"href":"http:\/\/www.schouwsekust.eu\/de\/wp-json\/wp\/v2\/pages\/701\/revisions\/704"}],"up":[{"embeddable":true,"href":"http:\/\/www.schouwsekust.eu\/de\/wp-json\/wp\/v2\/pages\/626"}],"wp:attachment":[{"href":"http:\/\/www.schouwsekust.eu\/de\/wp-json\/wp\/v2\/media?parent=701"}],"curies":[{"name":"wp","href":"https:\/\/api.w.org\/{rel}","templated":true}]}}