{"id":706,"date":"2024-10-28T15:34:10","date_gmt":"2024-10-28T14:34:10","guid":{"rendered":"http:\/\/www.schouwsekust.eu\/?page_id=706"},"modified":"2024-10-28T15:35:19","modified_gmt":"2024-10-28T14:35:19","slug":"boswachterij-westerschouwen","status":"publish","type":"page","link":"http:\/\/www.schouwsekust.eu\/de\/bezoek\/natuur\/boswachterij-westerschouwen\/","title":{"rendered":"Boswachterij Westerschouwen"},"content":{"rendered":"\n<p>Die Boswachterij Westerschouwen ist der gr\u00f6\u00dfte Wald in Zeeland, gelegen auf der Insel Schouwen-Duiveland. Dieses 330 Hektar gro\u00dfe Naturschutzgebiet bietet eine abwechslungsreiche D\u00fcnenlandschaft mit Sandverwehungen, T\u00e4lern und vogelreichen Waldr\u00e4ndern. Besucher k\u00f6nnen das Gebiet zu Fu\u00df, mit dem Fahrrad oder zu Pferd erkunden, und es gibt mehrere markierte Routen sowie eine Exkursionsh\u00fctte, die Informationen und Aktivit\u00e4ten bereitstellt. Der Wald beherbergt eine vielf\u00e4ltige Flora und Fauna, darunter V\u00f6gel, Kaninchen, Rehe und Damwild, und im Herbst bl\u00fchen Tausende von Pilzen.<\/p>\n\n\n\n<p>Das Gebiet hat eine reiche Geschichte; es war fr\u00fcher eine verwehende Fl\u00e4che, aber Staatsbosbeheer hat Kiefern und Laubb\u00e4ume gepflanzt, um die Biodiversit\u00e4t zu erh\u00f6hen. Die Kombination aus Wald, D\u00fcnen und Wasserentnahme macht die Boswachterij Westerschouwen zu einem attraktiven Ziel f\u00fcr Naturliebhaber und Erholungsuchende. F\u00fcr Kinder gibt es unterhaltsame Aktivit\u00e4ten wie den Koboldpfad und Abenteuer im angrenzenden Kletterwald.<\/p>\n\n\n\n<p>Mit seinen vielf\u00e4ltigen Freizeitm\u00f6glichkeiten, vom Wandern und Radfahren bis zur Tierbeobachtung, bietet die Boswachterij Westerschouwen ein einzigartiges Erlebnis in der Natur. Besucher k\u00f6nnen die Ruhe und Sch\u00f6nheit des gr\u00f6\u00dften Waldes in Zeeland genie\u00dfen und gleichzeitig die lokale Flora und Fauna kennenlernen.<\/p>\n","protected":false},"excerpt":{"rendered":"<p>Die Boswachterij Westerschouwen ist der gr\u00f6\u00dfte Wald in Zeeland, gelegen auf der Insel Schouwen-Duiveland. Dieses 330 Hektar gro\u00dfe Naturschutzgebiet bietet eine abwechslungsreiche D\u00fcnenlandschaft mit Sandverwehungen, T\u00e4lern und vogelreichen Waldr\u00e4ndern. Besucher k\u00f6nnen das Gebiet zu Fu\u00df, mit dem Fahrrad oder zu Pferd erkunden, und es gibt mehrere markierte Routen sowie eine Exkursionsh\u00fctte, die Informationen und Aktivit\u00e4ten bereitstellt. Der Wald beherbergt eine vielf\u00e4ltige Flora und Fauna, darunter V\u00f6gel, Kaninchen, Rehe und Damwild, und im Herbst bl\u00fchen Tausende von Pilzen. Das Gebiet hat eine reiche Geschichte; es war fr\u00fcher eine verwehende Fl\u00e4che, aber Staatsbosbeheer hat Kiefern und Laubb\u00e4ume gepflanzt, um die Biodiversit\u00e4t zu erh\u00f6hen. Die Kombination aus Wald, D\u00fcnen und Wasserentnahme macht die&hellip; <a class=\"read-more\" href=\"http:\/\/www.schouwsekust.eu\/de\/bezoek\/natuur\/boswachterij-westerschouwen\/\">Mehr Lesen<\/a><\/p>\n","protected":false},"author":1,"featured_media":0,"parent":626,"menu_order":0,"comment_status":"closed","ping_status":"closed","template":"","meta":{"footnotes":""},"translation":{"provider":"WPGlobus","version":"2.12.2","language":"de","enabled_languages":["nl","gb","de"],"languages":{"nl":{"title":true,"content":true,"excerpt":false},"gb":{"title":true,"content":true,"excerpt":false},"de":{"title":true,"content":true,"excerpt":false}}},"_links":{"self":[{"href":"http:\/\/www.schouwsekust.eu\/de\/wp-json\/wp\/v2\/pages\/706"}],"collection":[{"href":"http:\/\/www.schouwsekust.eu\/de\/wp-json\/wp\/v2\/pages"}],"about":[{"href":"http:\/\/www.schouwsekust.eu\/de\/wp-json\/wp\/v2\/types\/page"}],"author":[{"embeddable":true,"href":"http:\/\/www.schouwsekust.eu\/de\/wp-json\/wp\/v2\/users\/1"}],"replies":[{"embeddable":true,"href":"http:\/\/www.schouwsekust.eu\/de\/wp-json\/wp\/v2\/comments?post=706"}],"version-history":[{"count":3,"href":"http:\/\/www.schouwsekust.eu\/de\/wp-json\/wp\/v2\/pages\/706\/revisions"}],"predecessor-version":[{"id":709,"href":"http:\/\/www.schouwsekust.eu\/de\/wp-json\/wp\/v2\/pages\/706\/revisions\/709"}],"up":[{"embeddable":true,"href":"http:\/\/www.schouwsekust.eu\/de\/wp-json\/wp\/v2\/pages\/626"}],"wp:attachment":[{"href":"http:\/\/www.schouwsekust.eu\/de\/wp-json\/wp\/v2\/media?parent=706"}],"curies":[{"name":"wp","href":"https:\/\/api.w.org\/{rel}","templated":true}]}}