{"id":713,"date":"2024-10-28T15:38:36","date_gmt":"2024-10-28T14:38:36","guid":{"rendered":"http:\/\/www.schouwsekust.eu\/?page_id=713"},"modified":"2024-10-28T15:39:31","modified_gmt":"2024-10-28T14:39:31","slug":"bossen-van-schuddebeurs","status":"publish","type":"page","link":"http:\/\/www.schouwsekust.eu\/de\/bezoek\/natuur\/bossen-van-schuddebeurs\/","title":{"rendered":"Bossen van Schuddenbeurs"},"content":{"rendered":"\n<p>Die W\u00e4lder von Schuddebeurs, gelegen oberhalb von Zierikzee, sind zwar klein, bieten jedoch eine reiche Vielfalt an Flora und Fauna. Eichen, Buchen, Wei\u00dfdorn und Nadelb\u00e4ume dominieren die Landschaft, in der auch Spechte, Eulen, Singv\u00f6gel, Fr\u00f6sche und Rehe leben. Im Fr\u00fchjahr bl\u00fchen Schneegl\u00f6ckchen und Buschwindr\u00f6schen und bereichern die Umgebung. Die Region hat eine reiche Geschichte; w\u00e4hrend des Goldenen Zeitalters wurden pr\u00e4chtige Villen wie Mon Plaisir und Weelzicht erbaut, die noch heute die Landschaft zieren.<\/p>\n\n\n\n<p>Staatsbosbeheer verwaltet die W\u00e4lder rund um Mon Plaisir und die Kakkersweel, einen Wasserbereich, der nach einem Deichbruch entstanden ist. Dieses Naturschutzgebiet bietet Brutst\u00e4tten f\u00fcr verschiedene Vogelarten und ist f\u00fcr Wanderer und Reiter frei zug\u00e4nglich. Im Mon Plaisir wurde der &#8220;Wald der Zukunft&#8221; gepflanzt, wo Menschen B\u00e4ume zur Erinnerung an besondere Anl\u00e4sse pflanzen k\u00f6nnen. Dies macht die Gegend nicht nur zu einem Naturschatz, sondern auch zu einem Ort, an dem Mensch und Natur harmonisch zusammenleben.<\/p>\n","protected":false},"excerpt":{"rendered":"<p>Die W\u00e4lder von Schuddebeurs, gelegen oberhalb von Zierikzee, sind zwar klein, bieten jedoch eine reiche Vielfalt an Flora und Fauna. Eichen, Buchen, Wei\u00dfdorn und Nadelb\u00e4ume dominieren die Landschaft, in der auch Spechte, Eulen, Singv\u00f6gel, Fr\u00f6sche und Rehe leben. Im Fr\u00fchjahr bl\u00fchen Schneegl\u00f6ckchen und Buschwindr\u00f6schen und bereichern die Umgebung. Die Region hat eine reiche Geschichte; w\u00e4hrend des Goldenen Zeitalters wurden pr\u00e4chtige Villen wie Mon Plaisir und Weelzicht erbaut, die noch heute die Landschaft zieren. Staatsbosbeheer verwaltet die W\u00e4lder rund um Mon Plaisir und die Kakkersweel, einen Wasserbereich, der nach einem Deichbruch entstanden ist. Dieses Naturschutzgebiet bietet Brutst\u00e4tten f\u00fcr verschiedene Vogelarten und ist f\u00fcr Wanderer und Reiter frei zug\u00e4nglich. Im Mon Plaisir&hellip; <a class=\"read-more\" href=\"http:\/\/www.schouwsekust.eu\/de\/bezoek\/natuur\/bossen-van-schuddebeurs\/\">Mehr Lesen<\/a><\/p>\n","protected":false},"author":1,"featured_media":0,"parent":626,"menu_order":0,"comment_status":"closed","ping_status":"closed","template":"","meta":{"footnotes":""},"translation":{"provider":"WPGlobus","version":"2.12.2","language":"de","enabled_languages":["nl","gb","de"],"languages":{"nl":{"title":true,"content":true,"excerpt":false},"gb":{"title":true,"content":true,"excerpt":false},"de":{"title":true,"content":true,"excerpt":false}}},"_links":{"self":[{"href":"http:\/\/www.schouwsekust.eu\/de\/wp-json\/wp\/v2\/pages\/713"}],"collection":[{"href":"http:\/\/www.schouwsekust.eu\/de\/wp-json\/wp\/v2\/pages"}],"about":[{"href":"http:\/\/www.schouwsekust.eu\/de\/wp-json\/wp\/v2\/types\/page"}],"author":[{"embeddable":true,"href":"http:\/\/www.schouwsekust.eu\/de\/wp-json\/wp\/v2\/users\/1"}],"replies":[{"embeddable":true,"href":"http:\/\/www.schouwsekust.eu\/de\/wp-json\/wp\/v2\/comments?post=713"}],"version-history":[{"count":3,"href":"http:\/\/www.schouwsekust.eu\/de\/wp-json\/wp\/v2\/pages\/713\/revisions"}],"predecessor-version":[{"id":716,"href":"http:\/\/www.schouwsekust.eu\/de\/wp-json\/wp\/v2\/pages\/713\/revisions\/716"}],"up":[{"embeddable":true,"href":"http:\/\/www.schouwsekust.eu\/de\/wp-json\/wp\/v2\/pages\/626"}],"wp:attachment":[{"href":"http:\/\/www.schouwsekust.eu\/de\/wp-json\/wp\/v2\/media?parent=713"}],"curies":[{"name":"wp","href":"https:\/\/api.w.org\/{rel}","templated":true}]}}