{"id":717,"date":"2024-10-28T15:44:11","date_gmt":"2024-10-28T14:44:11","guid":{"rendered":"http:\/\/www.schouwsekust.eu\/?page_id=717"},"modified":"2024-10-28T15:48:10","modified_gmt":"2024-10-28T14:48:10","slug":"zeepeduinen","status":"publish","type":"page","link":"http:\/\/www.schouwsekust.eu\/de\/bezoek\/natuur\/zeepeduinen\/","title":{"rendered":"Zeepeduinen"},"content":{"rendered":"\n<p>Die Zeepeduinen, ein lebendiges D\u00fcnengebiet westlich von Burgh-Haamstede, ist bekannt f\u00fcr seinen gro\u00dfen D\u00fcnensee, der durch Sandabbau entstanden ist. Vom Vogelbeobachtungshaus aus kannst du verschiedene Wasserv\u00f6gel wie die Bl\u00e4ssh\u00fchner, den Haubentaucher und die Tauchente beobachten. Seit 1988 ist das Gebiet ein gesch\u00fctztes Naturdenkmal, benannt nach dem Zeeland-Wort \u201esepelen\u201c, was \u201esickern\u201c bedeutet; das Grundwasser flie\u00dft von den D\u00fcnen in die tiefer gelegenen Gebiete.<\/p>\n\n\n\n<p>Das Gebiet bietet eine abwechslungsreiche Landschaft mit einem 3,5 Kilometer langen Wanderweg, ideal f\u00fcr Familien. W\u00e4hrend du durch offenen Sand und entlang von D\u00fcnengew\u00e4ssern wanderst, kannst du verschiedene V\u00f6gel und vielleicht sogar Rehe und Pferde sehen. Die Wanderung f\u00fchrt auch zu der alten Ritterburg Slot Haamstede, die einen Besuch wert ist.<\/p>\n\n\n\n<p>In den Zeepeduinen finden sich auch Spuren aus dem Zweiten Weltkrieg, darunter der Walvisbunker, eine Kommandostelle mit einem Aussichtspunkt. Nach der Erkundung der Natur und Geschichte kannst du deinen Tag in Burgh-Haamstede ausklingen lassen, wo du lokale K\u00f6stlichkeiten genie\u00dfen und an Veranstaltungen wie dem Burghse Dag im August teilnehmen kannst.<\/p>\n","protected":false},"excerpt":{"rendered":"<p>Die Zeepeduinen, ein lebendiges D\u00fcnengebiet westlich von Burgh-Haamstede, ist bekannt f\u00fcr seinen gro\u00dfen D\u00fcnensee, der durch Sandabbau entstanden ist. Vom Vogelbeobachtungshaus aus kannst du verschiedene Wasserv\u00f6gel wie die Bl\u00e4ssh\u00fchner, den Haubentaucher und die Tauchente beobachten. Seit 1988 ist das Gebiet ein gesch\u00fctztes Naturdenkmal, benannt nach dem Zeeland-Wort \u201esepelen\u201c, was \u201esickern\u201c bedeutet; das Grundwasser flie\u00dft von den D\u00fcnen in die tiefer gelegenen Gebiete. Das Gebiet bietet eine abwechslungsreiche Landschaft mit einem 3,5 Kilometer langen Wanderweg, ideal f\u00fcr Familien. W\u00e4hrend du durch offenen Sand und entlang von D\u00fcnengew\u00e4ssern wanderst, kannst du verschiedene V\u00f6gel und vielleicht sogar Rehe und Pferde sehen. Die Wanderung f\u00fchrt auch zu der alten Ritterburg Slot Haamstede, die einen&hellip; <a class=\"read-more\" href=\"http:\/\/www.schouwsekust.eu\/de\/bezoek\/natuur\/zeepeduinen\/\">Mehr Lesen<\/a><\/p>\n","protected":false},"author":1,"featured_media":0,"parent":626,"menu_order":0,"comment_status":"closed","ping_status":"closed","template":"","meta":{"footnotes":""},"translation":{"provider":"WPGlobus","version":"2.12.2","language":"de","enabled_languages":["nl","gb","de"],"languages":{"nl":{"title":true,"content":true,"excerpt":false},"gb":{"title":true,"content":true,"excerpt":false},"de":{"title":true,"content":true,"excerpt":false}}},"_links":{"self":[{"href":"http:\/\/www.schouwsekust.eu\/de\/wp-json\/wp\/v2\/pages\/717"}],"collection":[{"href":"http:\/\/www.schouwsekust.eu\/de\/wp-json\/wp\/v2\/pages"}],"about":[{"href":"http:\/\/www.schouwsekust.eu\/de\/wp-json\/wp\/v2\/types\/page"}],"author":[{"embeddable":true,"href":"http:\/\/www.schouwsekust.eu\/de\/wp-json\/wp\/v2\/users\/1"}],"replies":[{"embeddable":true,"href":"http:\/\/www.schouwsekust.eu\/de\/wp-json\/wp\/v2\/comments?post=717"}],"version-history":[{"count":3,"href":"http:\/\/www.schouwsekust.eu\/de\/wp-json\/wp\/v2\/pages\/717\/revisions"}],"predecessor-version":[{"id":721,"href":"http:\/\/www.schouwsekust.eu\/de\/wp-json\/wp\/v2\/pages\/717\/revisions\/721"}],"up":[{"embeddable":true,"href":"http:\/\/www.schouwsekust.eu\/de\/wp-json\/wp\/v2\/pages\/626"}],"wp:attachment":[{"href":"http:\/\/www.schouwsekust.eu\/de\/wp-json\/wp\/v2\/media?parent=717"}],"curies":[{"name":"wp","href":"https:\/\/api.w.org\/{rel}","templated":true}]}}